{"id":436,"date":"2025-03-05T23:06:01","date_gmt":"2025-03-05T22:06:01","guid":{"rendered":"https:\/\/atelierdelaterreronde.com\/index.php\/framed-paintings-sylvie-souton\/"},"modified":"2025-03-17T14:28:17","modified_gmt":"2025-03-17T13:28:17","slug":"framed-paintings-sylvie-souton","status":"publish","type":"page","link":"https:\/\/atelierdelaterreronde.com\/en\/framed-paintings-sylvie-souton\/","title":{"rendered":"Painting &#038; Frames"},"content":{"rendered":"<section class=\"l-section wpb_row height_small\"><div class=\"l-section-h i-cf\"><div class=\"g-cols vc_row via_grid cols_2 laptops-cols_inherit tablets-cols_inherit mobiles-cols_1 valign_top type_default stacking_default\"><div class=\"wpb_column vc_column_container\"><div class=\"vc_column-inner\"><div class=\"wpb_text_column\"><div class=\"wpb_wrapper\"><h1 style=\"text-align: center;\">PAINTINGS &amp; FRAMES<\/h1>\n<\/div><\/div><div class=\"w-separator size_medium\"><\/div><div class=\"wpb_text_column\"><div class=\"wpb_wrapper\"><p class=\"Standard\" style=\"text-align: justify;\">On protective walls, Sylvie Souton offers decoration and brings an opening to new horizons.<\/p>\n<\/div><\/div><\/div><\/div><div class=\"wpb_column vc_column_container\"><div class=\"vc_column-inner\"><div class=\"w-separator size_large\"><\/div><div class=\"w-btn-wrapper align_center\"><a class=\"w-btn us-btn-style_1\" href=\"https:\/\/terre-ronde.soconseils.fr\/index.php\/boutique\/\"><span class=\"w-btn-label\">Discover the store<\/span><\/a><\/div><\/div><\/div><\/div><\/div><\/section><section class=\"l-section wpb_row height_small\"><div class=\"l-section-h i-cf\"><div class=\"g-cols vc_row via_grid cols_1 laptops-cols_inherit tablets-cols_inherit mobiles-cols_1 valign_top type_default stacking_default\"><div class=\"wpb_column vc_column_container\"><div class=\"vc_column-inner\"><div class=\"w-gallery fit_cover type_grid ratio_1x1 count_3\" style=\"--columns:4;--items-gap:10px;\"><div class=\"w-gallery-list\"><div class=\"w-gallery-item\"><div class=\"w-gallery-item-img\"><img loading=\"lazy\" decoding=\"async\" width=\"700\" height=\"672\" src=\"https:\/\/atelierdelaterreronde.com\/wp-content\/uploads\/2025\/03\/PXL_20240501_073237423-scaled-e1738098495930.jpg\" class=\"attachment-large size-large\" alt=\"D\u00e9cor mural en c\u00e9ramique noir et blanc, cr\u00e9ation artisanale unique de l\u2019Atelier de la Terre Ronde, Artisan d&#039;Art de France.\" srcset=\"https:\/\/atelierdelaterreronde.com\/wp-content\/uploads\/2025\/03\/PXL_20240501_073237423-scaled-e1738098495930.jpg 700w, https:\/\/atelierdelaterreronde.com\/wp-content\/uploads\/2025\/03\/PXL_20240501_073237423-scaled-e1738098495930-300x288.jpg 300w, https:\/\/atelierdelaterreronde.com\/wp-content\/uploads\/2025\/03\/PXL_20240501_073237423-scaled-e1738098495930-600x576.jpg 600w\" sizes=\"auto, (max-width: 700px) 100vw, 700px\" \/><\/div><\/div><div class=\"w-gallery-item\"><div class=\"w-gallery-item-img\"><img loading=\"lazy\" decoding=\"async\" width=\"508\" height=\"491\" src=\"https:\/\/atelierdelaterreronde.com\/wp-content\/uploads\/2025\/03\/PXL_20250129_162200641-scaled-e1738270860243.jpg\" class=\"attachment-large size-large\" alt=\"D\u00e9cor mural en c\u00e9ramique bleu et blanc, cr\u00e9ation artisanale unique de l\u2019Atelier de la Terre Ronde.\" srcset=\"https:\/\/atelierdelaterreronde.com\/wp-content\/uploads\/2025\/03\/PXL_20250129_162200641-scaled-e1738270860243.jpg 508w, https:\/\/atelierdelaterreronde.com\/wp-content\/uploads\/2025\/03\/PXL_20250129_162200641-scaled-e1738270860243-300x290.jpg 300w\" sizes=\"auto, (max-width: 508px) 100vw, 508px\" \/><\/div><\/div><div class=\"w-gallery-item\"><div class=\"w-gallery-item-img\"><img loading=\"lazy\" decoding=\"async\" width=\"450\" height=\"408\" src=\"https:\/\/atelierdelaterreronde.com\/wp-content\/uploads\/2025\/03\/PXL_20250129_162221092.MP_-scaled-e1738271011320.jpg\" class=\"attachment-large size-large\" alt=\"D\u00e9cor mural en c\u00e9ramique noir et blanc, cr\u00e9ation artisanale de l\u2019Atelier de la Terre Ronde, unique et \u00e9l\u00e9gant.\" srcset=\"https:\/\/atelierdelaterreronde.com\/wp-content\/uploads\/2025\/03\/PXL_20250129_162221092.MP_-scaled-e1738271011320.jpg 450w, https:\/\/atelierdelaterreronde.com\/wp-content\/uploads\/2025\/03\/PXL_20250129_162221092.MP_-scaled-e1738271011320-300x272.jpg 300w\" sizes=\"auto, (max-width: 450px) 100vw, 450px\" \/><\/div><\/div><\/div><\/div><\/div><\/div><\/div><\/div><\/section>\n","protected":false},"excerpt":{"rendered":"PAINTINGS &amp; FRAMES On protective walls, Sylvie Souton offers decoration and brings an opening to new horizons. Discover the store","protected":false},"author":2,"featured_media":0,"parent":0,"menu_order":0,"comment_status":"closed","ping_status":"closed","template":"","meta":{"footnotes":""},"class_list":["post-436","page","type-page","status-publish","hentry"],"yoast_head":"<!-- This site is optimized with the Yoast SEO plugin v26.4 - https:\/\/yoast.com\/wordpress\/plugins\/seo\/ -->\n<title>Painting &amp; Frames - Atelier de la Terre Ronde<\/title>\n<meta name=\"description\" content=\"PAINTINGS &amp; FRAMES Sylvie Souton: Discover our ceramic paintings and frames, blending pictorial art and ceramic craftsmanship.\" \/>\n<meta name=\"robots\" content=\"index, follow, max-snippet:-1, max-image-preview:large, max-video-preview:-1\" \/>\n<link rel=\"canonical\" href=\"https:\/\/atelierdelaterreronde.com\/en\/framed-paintings-sylvie-souton\/\" \/>\n<meta property=\"og:locale\" content=\"en_US\" \/>\n<meta property=\"og:type\" content=\"article\" \/>\n<meta property=\"og:title\" content=\"Painting &amp; Frames - Atelier de la Terre Ronde\" \/>\n<meta property=\"og:description\" content=\"PAINTINGS &amp; FRAMES Sylvie Souton: Discover our ceramic paintings and frames, blending pictorial art and ceramic craftsmanship.\" \/>\n<meta property=\"og:url\" content=\"https:\/\/atelierdelaterreronde.com\/en\/framed-paintings-sylvie-souton\/\" \/>\n<meta property=\"og:site_name\" content=\"Atelier de la Terre Ronde\" \/>\n<meta property=\"article:modified_time\" content=\"2025-03-17T13:28:17+00:00\" \/>\n<meta name=\"twitter:card\" content=\"summary_large_image\" \/>\n<meta name=\"twitter:label1\" content=\"Est. reading time\" \/>\n\t<meta name=\"twitter:data1\" content=\"1 minute\" \/>\n<script type=\"application\/ld+json\" class=\"yoast-schema-graph\">{\"@context\":\"https:\/\/schema.org\",\"@graph\":[{\"@type\":\"WebPage\",\"@id\":\"https:\/\/atelierdelaterreronde.com\/en\/framed-paintings-sylvie-souton\/\",\"url\":\"https:\/\/atelierdelaterreronde.com\/en\/framed-paintings-sylvie-souton\/\",\"name\":\"Painting & Frames - Atelier de la Terre Ronde\",\"isPartOf\":{\"@id\":\"https:\/\/atelierdelaterreronde.com\/#website\"},\"datePublished\":\"2025-03-05T22:06:01+00:00\",\"dateModified\":\"2025-03-17T13:28:17+00:00\",\"description\":\"PAINTINGS & FRAMES Sylvie Souton: Discover our ceramic paintings and frames, blending pictorial art and ceramic craftsmanship.\",\"breadcrumb\":{\"@id\":\"https:\/\/atelierdelaterreronde.com\/en\/framed-paintings-sylvie-souton\/#breadcrumb\"},\"inLanguage\":\"en-US\",\"potentialAction\":[{\"@type\":\"ReadAction\",\"target\":[\"https:\/\/atelierdelaterreronde.com\/en\/framed-paintings-sylvie-souton\/\"]}]},{\"@type\":\"BreadcrumbList\",\"@id\":\"https:\/\/atelierdelaterreronde.com\/en\/framed-paintings-sylvie-souton\/#breadcrumb\",\"itemListElement\":[{\"@type\":\"ListItem\",\"position\":1,\"name\":\"Accueil\",\"item\":\"https:\/\/atelierdelaterreronde.com\/en\/home\/\"},{\"@type\":\"ListItem\",\"position\":2,\"name\":\"Painting &#038; Frames\"}]},{\"@type\":\"WebSite\",\"@id\":\"https:\/\/atelierdelaterreronde.com\/#website\",\"url\":\"https:\/\/atelierdelaterreronde.com\/\",\"name\":\"Atelier de la Terre Ronde\",\"description\":\"\",\"potentialAction\":[{\"@type\":\"SearchAction\",\"target\":{\"@type\":\"EntryPoint\",\"urlTemplate\":\"https:\/\/atelierdelaterreronde.com\/?s={search_term_string}\"},\"query-input\":{\"@type\":\"PropertyValueSpecification\",\"valueRequired\":true,\"valueName\":\"search_term_string\"}}],\"inLanguage\":\"en-US\"}]}<\/script>\n<!-- \/ Yoast SEO plugin. -->","yoast_head_json":{"title":"Painting & Frames - Atelier de la Terre Ronde","description":"PAINTINGS & FRAMES Sylvie Souton: Discover our ceramic paintings and frames, blending pictorial art and ceramic craftsmanship.","robots":{"index":"index","follow":"follow","max-snippet":"max-snippet:-1","max-image-preview":"max-image-preview:large","max-video-preview":"max-video-preview:-1"},"canonical":"https:\/\/atelierdelaterreronde.com\/en\/framed-paintings-sylvie-souton\/","og_locale":"en_US","og_type":"article","og_title":"Painting & Frames - Atelier de la Terre Ronde","og_description":"PAINTINGS & FRAMES Sylvie Souton: Discover our ceramic paintings and frames, blending pictorial art and ceramic craftsmanship.","og_url":"https:\/\/atelierdelaterreronde.com\/en\/framed-paintings-sylvie-souton\/","og_site_name":"Atelier de la Terre Ronde","article_modified_time":"2025-03-17T13:28:17+00:00","twitter_card":"summary_large_image","twitter_misc":{"Est. reading time":"1 minute"},"schema":{"@context":"https:\/\/schema.org","@graph":[{"@type":"WebPage","@id":"https:\/\/atelierdelaterreronde.com\/en\/framed-paintings-sylvie-souton\/","url":"https:\/\/atelierdelaterreronde.com\/en\/framed-paintings-sylvie-souton\/","name":"Painting & Frames - Atelier de la Terre Ronde","isPartOf":{"@id":"https:\/\/atelierdelaterreronde.com\/#website"},"datePublished":"2025-03-05T22:06:01+00:00","dateModified":"2025-03-17T13:28:17+00:00","description":"PAINTINGS & FRAMES Sylvie Souton: Discover our ceramic paintings and frames, blending pictorial art and ceramic craftsmanship.","breadcrumb":{"@id":"https:\/\/atelierdelaterreronde.com\/en\/framed-paintings-sylvie-souton\/#breadcrumb"},"inLanguage":"en-US","potentialAction":[{"@type":"ReadAction","target":["https:\/\/atelierdelaterreronde.com\/en\/framed-paintings-sylvie-souton\/"]}]},{"@type":"BreadcrumbList","@id":"https:\/\/atelierdelaterreronde.com\/en\/framed-paintings-sylvie-souton\/#breadcrumb","itemListElement":[{"@type":"ListItem","position":1,"name":"Accueil","item":"https:\/\/atelierdelaterreronde.com\/en\/home\/"},{"@type":"ListItem","position":2,"name":"Painting &#038; Frames"}]},{"@type":"WebSite","@id":"https:\/\/atelierdelaterreronde.com\/#website","url":"https:\/\/atelierdelaterreronde.com\/","name":"Atelier de la Terre Ronde","description":"","potentialAction":[{"@type":"SearchAction","target":{"@type":"EntryPoint","urlTemplate":"https:\/\/atelierdelaterreronde.com\/?s={search_term_string}"},"query-input":{"@type":"PropertyValueSpecification","valueRequired":true,"valueName":"search_term_string"}}],"inLanguage":"en-US"}]}},"jetpack_sharing_enabled":true,"_links":{"self":[{"href":"https:\/\/atelierdelaterreronde.com\/en\/wp-json\/wp\/v2\/pages\/436","targetHints":{"allow":["GET"]}}],"collection":[{"href":"https:\/\/atelierdelaterreronde.com\/en\/wp-json\/wp\/v2\/pages"}],"about":[{"href":"https:\/\/atelierdelaterreronde.com\/en\/wp-json\/wp\/v2\/types\/page"}],"author":[{"embeddable":true,"href":"https:\/\/atelierdelaterreronde.com\/en\/wp-json\/wp\/v2\/users\/2"}],"replies":[{"embeddable":true,"href":"https:\/\/atelierdelaterreronde.com\/en\/wp-json\/wp\/v2\/comments?post=436"}],"version-history":[{"count":4,"href":"https:\/\/atelierdelaterreronde.com\/en\/wp-json\/wp\/v2\/pages\/436\/revisions"}],"predecessor-version":[{"id":448,"href":"https:\/\/atelierdelaterreronde.com\/en\/wp-json\/wp\/v2\/pages\/436\/revisions\/448"}],"wp:attachment":[{"href":"https:\/\/atelierdelaterreronde.com\/en\/wp-json\/wp\/v2\/media?parent=436"}],"curies":[{"name":"wp","href":"https:\/\/api.w.org\/{rel}","templated":true}]}}