{"id":433,"date":"2025-03-05T23:05:47","date_gmt":"2025-03-05T22:05:47","guid":{"rendered":"https:\/\/atelierdelaterreronde.com\/index.php\/sylvie-souton-ceramic-sculptures\/"},"modified":"2025-03-17T14:29:33","modified_gmt":"2025-03-17T13:29:33","slug":"sylvie-souton-ceramic-sculptures","status":"publish","type":"page","link":"https:\/\/atelierdelaterreronde.com\/en\/sylvie-souton-ceramic-sculptures\/","title":{"rendered":"Ceramic Sculptures"},"content":{"rendered":"<section class=\"l-section wpb_row height_small\"><div class=\"l-section-h i-cf\"><div class=\"g-cols vc_row via_grid cols_2 laptops-cols_inherit tablets-cols_inherit mobiles-cols_1 valign_top type_default stacking_default\"><div class=\"wpb_column vc_column_container\"><div class=\"vc_column-inner\"><div class=\"wpb_text_column\"><div class=\"wpb_wrapper\"><h1 style=\"text-align: center;\">THE SCULPTURES<\/h1>\n<\/div><\/div><div class=\"w-separator size_medium\"><\/div><div class=\"wpb_text_column\"><div class=\"wpb_wrapper\"><p style=\"text-align: center;\">Birth of a Secret<\/p>\n<p style=\"text-align: center;\">Exaggerated feminine curves or maternal roundness?<\/p>\n<p style=\"text-align: center;\">The posture is wise, the lines are refined.<\/p>\n<p style=\"text-align: center;\">What does this blurred face not tell us? Secret and closed,<\/p>\n<p style=\"text-align: center;\">Now the glaze is cracking! Secret echo,<\/p>\n<p style=\"text-align: center;\">Secret unveiled!<\/p>\n<\/div><\/div><\/div><\/div><div class=\"wpb_column vc_column_container\"><div class=\"vc_column-inner\"><div class=\"w-separator size_huge\"><\/div><div class=\"w-btn-wrapper align_center\"><a class=\"w-btn us-btn-style_1\" href=\"https:\/\/terre-ronde.soconseils.fr\/index.php\/boutique\/\"><span class=\"w-btn-label\">Discover the store<\/span><\/a><\/div><\/div><\/div><\/div><\/div><\/section><section class=\"l-section wpb_row height_small\"><div class=\"l-section-h i-cf\"><div class=\"g-cols vc_row via_grid cols_1 laptops-cols_inherit tablets-cols_inherit mobiles-cols_1 valign_top type_default stacking_default\"><div class=\"wpb_column vc_column_container\"><div class=\"vc_column-inner\"><div class=\"w-gallery fit_cover type_grid ratio_1x1 count_4\" style=\"--columns:4;--items-gap:10px;\"><div class=\"w-gallery-list\"><div class=\"w-gallery-item\"><div class=\"w-gallery-item-img\"><img loading=\"lazy\" decoding=\"async\" width=\"525\" height=\"602\" src=\"https:\/\/atelierdelaterreronde.com\/wp-content\/uploads\/2025\/03\/PXL_20250129_161329601-scaled-e1738270282837.jpg\" class=\"attachment-large size-large\" alt=\"Sculptures des Demoiselles en c\u00e9ramique noire et blanche, premi\u00e8re cr\u00e9ation artisanale de l\u2019Atelier de la Terre Ronde.\" srcset=\"https:\/\/atelierdelaterreronde.com\/wp-content\/uploads\/2025\/03\/PXL_20250129_161329601-scaled-e1738270282837.jpg 525w, https:\/\/atelierdelaterreronde.com\/wp-content\/uploads\/2025\/03\/PXL_20250129_161329601-scaled-e1738270282837-262x300.jpg 262w\" sizes=\"auto, (max-width: 525px) 100vw, 525px\" \/><\/div><\/div><div class=\"w-gallery-item\"><div class=\"w-gallery-item-img\"><img loading=\"lazy\" decoding=\"async\" width=\"1024\" height=\"683\" src=\"https:\/\/atelierdelaterreronde.com\/wp-content\/uploads\/2025\/03\/Sculptures-Demoiselles-scaled-1-1024x683.jpg\" class=\"attachment-large size-large\" alt=\"Sculptures des Demoiselles en c\u00e9ramique blanche et rouge, premi\u00e8res cr\u00e9ations artisanales de l\u2019Atelier de la Terre Ronde.\" srcset=\"https:\/\/atelierdelaterreronde.com\/wp-content\/uploads\/2025\/03\/Sculptures-Demoiselles-scaled-1-1024x683.jpg 1024w, https:\/\/atelierdelaterreronde.com\/wp-content\/uploads\/2025\/03\/Sculptures-Demoiselles-scaled-1-300x200.jpg 300w, https:\/\/atelierdelaterreronde.com\/wp-content\/uploads\/2025\/03\/Sculptures-Demoiselles-scaled-1-600x400.jpg 600w\" sizes=\"auto, (max-width: 1024px) 100vw, 1024px\" \/><\/div><\/div><div class=\"w-gallery-item\"><div class=\"w-gallery-item-img\"><img loading=\"lazy\" decoding=\"async\" width=\"683\" height=\"1024\" src=\"https:\/\/atelierdelaterreronde.com\/wp-content\/uploads\/2025\/03\/Atelier-de-la-terre-ronde-48-scaled-e1643995861104-683x1024.jpg\" class=\"attachment-large size-large\" alt=\"Gros plan sur des mains fa\u00e7onnant une poterie en argile sur un tour de potier, dans un atelier artisanal en Loz\u00e8re, pr\u00e8s de Mende, Aveyron et Cantal.\" srcset=\"https:\/\/atelierdelaterreronde.com\/wp-content\/uploads\/2025\/03\/Atelier-de-la-terre-ronde-48-scaled-e1643995861104-683x1024.jpg 683w, https:\/\/atelierdelaterreronde.com\/wp-content\/uploads\/2025\/03\/Atelier-de-la-terre-ronde-48-scaled-e1643995861104-200x300.jpg 200w, https:\/\/atelierdelaterreronde.com\/wp-content\/uploads\/2025\/03\/Atelier-de-la-terre-ronde-48-scaled-e1643995861104-600x900.jpg 600w, https:\/\/atelierdelaterreronde.com\/wp-content\/uploads\/2025\/03\/Atelier-de-la-terre-ronde-48-scaled-e1643995861104.jpg 700w\" sizes=\"auto, (max-width: 683px) 100vw, 683px\" \/><\/div><\/div><div class=\"w-gallery-item\"><div class=\"w-gallery-item-img\"><img loading=\"lazy\" decoding=\"async\" width=\"683\" height=\"1024\" src=\"https:\/\/atelierdelaterreronde.com\/wp-content\/uploads\/2025\/03\/Atelier-de-la-terre-ronde-55-scaled-e1643993538591-683x1024.jpg\" class=\"attachment-large size-large\" alt=\"Cr\u00e9ations artisanales en c\u00e9ramique \u2013 Atelier de la Terre Ronde\" srcset=\"https:\/\/atelierdelaterreronde.com\/wp-content\/uploads\/2025\/03\/Atelier-de-la-terre-ronde-55-scaled-e1643993538591-683x1024.jpg 683w, https:\/\/atelierdelaterreronde.com\/wp-content\/uploads\/2025\/03\/Atelier-de-la-terre-ronde-55-scaled-e1643993538591-200x300.jpg 200w, https:\/\/atelierdelaterreronde.com\/wp-content\/uploads\/2025\/03\/Atelier-de-la-terre-ronde-55-scaled-e1643993538591-600x900.jpg 600w, https:\/\/atelierdelaterreronde.com\/wp-content\/uploads\/2025\/03\/Atelier-de-la-terre-ronde-55-scaled-e1643993538591.jpg 700w\" sizes=\"auto, (max-width: 683px) 100vw, 683px\" \/><\/div><\/div><\/div><\/div><\/div><\/div><\/div><\/div><\/section>\n","protected":false},"excerpt":{"rendered":"THE SCULPTURES Birth of a Secret Exaggerated feminine curves or maternal roundness? The posture is wise, the lines are refined. What does this blurred face not tell us? Secret and closed, Now the glaze is cracking! Secret echo, Secret unveiled! Discover the store","protected":false},"author":2,"featured_media":0,"parent":0,"menu_order":0,"comment_status":"closed","ping_status":"closed","template":"","meta":{"footnotes":""},"class_list":["post-433","page","type-page","status-publish","hentry"],"yoast_head":"<!-- This site is optimized with the Yoast SEO plugin v26.4 - https:\/\/yoast.com\/wordpress\/plugins\/seo\/ -->\n<title>Ceramic Sculptures - Atelier de la Terre Ronde<\/title>\n<meta name=\"description\" content=\"Explore our ceramic sculptures, unique works of art reflecting the creativity of Atelier de la Terre Ronde by Sylvie Souton.\" \/>\n<meta name=\"robots\" content=\"index, follow, max-snippet:-1, max-image-preview:large, max-video-preview:-1\" \/>\n<link rel=\"canonical\" href=\"https:\/\/atelierdelaterreronde.com\/en\/sylvie-souton-ceramic-sculptures\/\" \/>\n<meta property=\"og:locale\" content=\"en_US\" \/>\n<meta property=\"og:type\" content=\"article\" \/>\n<meta property=\"og:title\" content=\"Ceramic Sculptures - Atelier de la Terre Ronde\" \/>\n<meta property=\"og:description\" content=\"Explore our ceramic sculptures, unique works of art reflecting the creativity of Atelier de la Terre Ronde by Sylvie Souton.\" \/>\n<meta property=\"og:url\" content=\"https:\/\/atelierdelaterreronde.com\/en\/sylvie-souton-ceramic-sculptures\/\" \/>\n<meta property=\"og:site_name\" content=\"Atelier de la Terre Ronde\" \/>\n<meta property=\"article:modified_time\" content=\"2025-03-17T13:29:33+00:00\" \/>\n<meta name=\"twitter:card\" content=\"summary_large_image\" \/>\n<meta name=\"twitter:label1\" content=\"Est. reading time\" \/>\n\t<meta name=\"twitter:data1\" content=\"1 minute\" \/>\n<script type=\"application\/ld+json\" class=\"yoast-schema-graph\">{\"@context\":\"https:\/\/schema.org\",\"@graph\":[{\"@type\":\"WebPage\",\"@id\":\"https:\/\/atelierdelaterreronde.com\/en\/sylvie-souton-ceramic-sculptures\/\",\"url\":\"https:\/\/atelierdelaterreronde.com\/en\/sylvie-souton-ceramic-sculptures\/\",\"name\":\"Ceramic Sculptures - Atelier de la Terre Ronde\",\"isPartOf\":{\"@id\":\"https:\/\/atelierdelaterreronde.com\/#website\"},\"datePublished\":\"2025-03-05T22:05:47+00:00\",\"dateModified\":\"2025-03-17T13:29:33+00:00\",\"description\":\"Explore our ceramic sculptures, unique works of art reflecting the creativity of Atelier de la Terre Ronde by Sylvie Souton.\",\"breadcrumb\":{\"@id\":\"https:\/\/atelierdelaterreronde.com\/en\/sylvie-souton-ceramic-sculptures\/#breadcrumb\"},\"inLanguage\":\"en-US\",\"potentialAction\":[{\"@type\":\"ReadAction\",\"target\":[\"https:\/\/atelierdelaterreronde.com\/en\/sylvie-souton-ceramic-sculptures\/\"]}]},{\"@type\":\"BreadcrumbList\",\"@id\":\"https:\/\/atelierdelaterreronde.com\/en\/sylvie-souton-ceramic-sculptures\/#breadcrumb\",\"itemListElement\":[{\"@type\":\"ListItem\",\"position\":1,\"name\":\"Accueil\",\"item\":\"https:\/\/atelierdelaterreronde.com\/en\/home\/\"},{\"@type\":\"ListItem\",\"position\":2,\"name\":\"Ceramic Sculptures\"}]},{\"@type\":\"WebSite\",\"@id\":\"https:\/\/atelierdelaterreronde.com\/#website\",\"url\":\"https:\/\/atelierdelaterreronde.com\/\",\"name\":\"Atelier de la Terre Ronde\",\"description\":\"\",\"potentialAction\":[{\"@type\":\"SearchAction\",\"target\":{\"@type\":\"EntryPoint\",\"urlTemplate\":\"https:\/\/atelierdelaterreronde.com\/?s={search_term_string}\"},\"query-input\":{\"@type\":\"PropertyValueSpecification\",\"valueRequired\":true,\"valueName\":\"search_term_string\"}}],\"inLanguage\":\"en-US\"}]}<\/script>\n<!-- \/ Yoast SEO plugin. -->","yoast_head_json":{"title":"Ceramic Sculptures - Atelier de la Terre Ronde","description":"Explore our ceramic sculptures, unique works of art reflecting the creativity of Atelier de la Terre Ronde by Sylvie Souton.","robots":{"index":"index","follow":"follow","max-snippet":"max-snippet:-1","max-image-preview":"max-image-preview:large","max-video-preview":"max-video-preview:-1"},"canonical":"https:\/\/atelierdelaterreronde.com\/en\/sylvie-souton-ceramic-sculptures\/","og_locale":"en_US","og_type":"article","og_title":"Ceramic Sculptures - Atelier de la Terre Ronde","og_description":"Explore our ceramic sculptures, unique works of art reflecting the creativity of Atelier de la Terre Ronde by Sylvie Souton.","og_url":"https:\/\/atelierdelaterreronde.com\/en\/sylvie-souton-ceramic-sculptures\/","og_site_name":"Atelier de la Terre Ronde","article_modified_time":"2025-03-17T13:29:33+00:00","twitter_card":"summary_large_image","twitter_misc":{"Est. reading time":"1 minute"},"schema":{"@context":"https:\/\/schema.org","@graph":[{"@type":"WebPage","@id":"https:\/\/atelierdelaterreronde.com\/en\/sylvie-souton-ceramic-sculptures\/","url":"https:\/\/atelierdelaterreronde.com\/en\/sylvie-souton-ceramic-sculptures\/","name":"Ceramic Sculptures - Atelier de la Terre Ronde","isPartOf":{"@id":"https:\/\/atelierdelaterreronde.com\/#website"},"datePublished":"2025-03-05T22:05:47+00:00","dateModified":"2025-03-17T13:29:33+00:00","description":"Explore our ceramic sculptures, unique works of art reflecting the creativity of Atelier de la Terre Ronde by Sylvie Souton.","breadcrumb":{"@id":"https:\/\/atelierdelaterreronde.com\/en\/sylvie-souton-ceramic-sculptures\/#breadcrumb"},"inLanguage":"en-US","potentialAction":[{"@type":"ReadAction","target":["https:\/\/atelierdelaterreronde.com\/en\/sylvie-souton-ceramic-sculptures\/"]}]},{"@type":"BreadcrumbList","@id":"https:\/\/atelierdelaterreronde.com\/en\/sylvie-souton-ceramic-sculptures\/#breadcrumb","itemListElement":[{"@type":"ListItem","position":1,"name":"Accueil","item":"https:\/\/atelierdelaterreronde.com\/en\/home\/"},{"@type":"ListItem","position":2,"name":"Ceramic Sculptures"}]},{"@type":"WebSite","@id":"https:\/\/atelierdelaterreronde.com\/#website","url":"https:\/\/atelierdelaterreronde.com\/","name":"Atelier de la Terre Ronde","description":"","potentialAction":[{"@type":"SearchAction","target":{"@type":"EntryPoint","urlTemplate":"https:\/\/atelierdelaterreronde.com\/?s={search_term_string}"},"query-input":{"@type":"PropertyValueSpecification","valueRequired":true,"valueName":"search_term_string"}}],"inLanguage":"en-US"}]}},"jetpack_sharing_enabled":true,"_links":{"self":[{"href":"https:\/\/atelierdelaterreronde.com\/en\/wp-json\/wp\/v2\/pages\/433","targetHints":{"allow":["GET"]}}],"collection":[{"href":"https:\/\/atelierdelaterreronde.com\/en\/wp-json\/wp\/v2\/pages"}],"about":[{"href":"https:\/\/atelierdelaterreronde.com\/en\/wp-json\/wp\/v2\/types\/page"}],"author":[{"embeddable":true,"href":"https:\/\/atelierdelaterreronde.com\/en\/wp-json\/wp\/v2\/users\/2"}],"replies":[{"embeddable":true,"href":"https:\/\/atelierdelaterreronde.com\/en\/wp-json\/wp\/v2\/comments?post=433"}],"version-history":[{"count":3,"href":"https:\/\/atelierdelaterreronde.com\/en\/wp-json\/wp\/v2\/pages\/433\/revisions"}],"predecessor-version":[{"id":450,"href":"https:\/\/atelierdelaterreronde.com\/en\/wp-json\/wp\/v2\/pages\/433\/revisions\/450"}],"wp:attachment":[{"href":"https:\/\/atelierdelaterreronde.com\/en\/wp-json\/wp\/v2\/media?parent=433"}],"curies":[{"name":"wp","href":"https:\/\/api.w.org\/{rel}","templated":true}]}}