{"id":428,"date":"2025-03-05T23:05:18","date_gmt":"2025-03-05T22:05:18","guid":{"rendered":"https:\/\/atelierdelaterreronde.com\/index.php\/planetes-fleurs\/"},"modified":"2025-03-17T14:46:41","modified_gmt":"2025-03-17T13:46:41","slug":"planetes-fleurs","status":"publish","type":"page","link":"https:\/\/atelierdelaterreronde.com\/en\/planetes-fleurs\/","title":{"rendered":"Flower planets"},"content":{"rendered":"<section class=\"l-section wpb_row height_small\"><div class=\"l-section-h i-cf\"><div class=\"g-cols vc_row via_grid cols_2 laptops-cols_inherit tablets-cols_inherit mobiles-cols_1 valign_top type_default stacking_default\"><div class=\"wpb_column vc_column_container\"><div class=\"vc_column-inner\"><div class=\"wpb_text_column\"><div class=\"wpb_wrapper\"><h1 style=\"text-align: center;\">THE FLOWER PLANETS<\/h1>\n<\/div><\/div><div class=\"w-separator size_medium\"><\/div><div class=\"wpb_text_column\"><div class=\"wpb_wrapper\"><p style=\"text-align: justify;\">Far, far away from our galaxy, there are flower planets that Sylvie, in her imagination, has gone to pick for us.<\/p>\n<\/div><\/div><\/div><\/div><div class=\"wpb_column vc_column_container\"><div class=\"vc_column-inner\"><div class=\"w-separator size_large\"><\/div><div class=\"w-btn-wrapper align_center\"><a class=\"w-btn us-btn-style_1\" href=\"https:\/\/terre-ronde.soconseils.fr\/index.php\/boutique\/\"><span class=\"w-btn-label\">Discover the store<\/span><\/a><\/div><\/div><\/div><\/div><\/div><\/section><section class=\"l-section wpb_row height_small\"><div class=\"l-section-h i-cf\"><div class=\"g-cols vc_row via_grid cols_1 laptops-cols_inherit tablets-cols_inherit mobiles-cols_1 valign_top type_default stacking_default\"><div class=\"wpb_column vc_column_container\"><div class=\"vc_column-inner\"><div class=\"w-gallery fit_cover type_grid ratio_1x1 count_4\" style=\"--columns:4;--items-gap:10px;\"><div class=\"w-gallery-list\"><div class=\"w-gallery-item\"><div class=\"w-gallery-item-img\"><img loading=\"lazy\" decoding=\"async\" width=\"525\" height=\"700\" src=\"https:\/\/atelierdelaterreronde.com\/wp-content\/uploads\/2025\/03\/PXL_20250129_154754417-scaled-e1738269731727.jpg\" class=\"attachment-large size-large\" alt=\"Boule d\u00e9corative en c\u00e9ramique blanche et noire, cr\u00e9ation artisanale unique de l\u2019Atelier de la Terre Ronde.\" srcset=\"https:\/\/atelierdelaterreronde.com\/wp-content\/uploads\/2025\/03\/PXL_20250129_154754417-scaled-e1738269731727.jpg 525w, https:\/\/atelierdelaterreronde.com\/wp-content\/uploads\/2025\/03\/PXL_20250129_154754417-scaled-e1738269731727-225x300.jpg 225w\" sizes=\"auto, (max-width: 525px) 100vw, 525px\" \/><\/div><\/div><div class=\"w-gallery-item\"><div class=\"w-gallery-item-img\"><img loading=\"lazy\" decoding=\"async\" width=\"525\" height=\"700\" src=\"https:\/\/atelierdelaterreronde.com\/wp-content\/uploads\/2025\/03\/PXL_20250129_155321147-scaled-e1738269186706.jpg\" class=\"attachment-large size-large\" alt=\"Boule d\u00e9corative en c\u00e9ramique bleue et blanche \u00e0 fleurs, cr\u00e9ation artisanale unique de l\u2019Atelier de la Terre Ronde.\" srcset=\"https:\/\/atelierdelaterreronde.com\/wp-content\/uploads\/2025\/03\/PXL_20250129_155321147-scaled-e1738269186706.jpg 525w, https:\/\/atelierdelaterreronde.com\/wp-content\/uploads\/2025\/03\/PXL_20250129_155321147-scaled-e1738269186706-225x300.jpg 225w\" sizes=\"auto, (max-width: 525px) 100vw, 525px\" \/><\/div><\/div><div class=\"w-gallery-item\"><div class=\"w-gallery-item-img\"><img loading=\"lazy\" decoding=\"async\" width=\"525\" height=\"536\" src=\"https:\/\/atelierdelaterreronde.com\/wp-content\/uploads\/2025\/03\/PXL_20250129_160123209-scaled-e1738269019425.jpg\" class=\"attachment-large size-large\" alt=\"Boule d\u00e9corative en c\u00e9ramique rouge et noire, cr\u00e9ation artisanale unique de l\u2019Atelier de la Terre Ronde.\" srcset=\"https:\/\/atelierdelaterreronde.com\/wp-content\/uploads\/2025\/03\/PXL_20250129_160123209-scaled-e1738269019425.jpg 525w, https:\/\/atelierdelaterreronde.com\/wp-content\/uploads\/2025\/03\/PXL_20250129_160123209-scaled-e1738269019425-294x300.jpg 294w\" sizes=\"auto, (max-width: 525px) 100vw, 525px\" \/><\/div><\/div><div class=\"w-gallery-item\"><div class=\"w-gallery-item-img\"><img loading=\"lazy\" decoding=\"async\" width=\"504\" height=\"457\" src=\"https:\/\/atelierdelaterreronde.com\/wp-content\/uploads\/2025\/03\/PXL_20250129_160520390-scaled-e1738268593329.jpg\" class=\"attachment-large size-large\" alt=\"Fleur orange et blanche en c\u00e9ramique, d\u00e9cor floral en forme de boule, cr\u00e9\u00e9 \u00e0 l\u2019Atelier de la Terre Ronde.\" srcset=\"https:\/\/atelierdelaterreronde.com\/wp-content\/uploads\/2025\/03\/PXL_20250129_160520390-scaled-e1738268593329.jpg 504w, https:\/\/atelierdelaterreronde.com\/wp-content\/uploads\/2025\/03\/PXL_20250129_160520390-scaled-e1738268593329-300x272.jpg 300w\" sizes=\"auto, (max-width: 504px) 100vw, 504px\" \/><\/div><\/div><\/div><\/div><\/div><\/div><\/div><\/div><\/section>\n","protected":false},"excerpt":{"rendered":"THE FLOWER PLANETS Far, far away from our galaxy, there are flower planets that Sylvie, in her imagination, has gone to pick for us. Discover the store","protected":false},"author":2,"featured_media":0,"parent":0,"menu_order":0,"comment_status":"closed","ping_status":"closed","template":"","meta":{"footnotes":""},"class_list":["post-428","page","type-page","status-publish","hentry"],"yoast_head":"<!-- This site is optimized with the Yoast SEO plugin v26.4 - https:\/\/yoast.com\/wordpress\/plugins\/seo\/ -->\n<title>Flower planets - Atelier de la Terre Ronde<\/title>\n<meta name=\"description\" content=\"Let yourself be seduced by our flower planets, original ceramic creations inspired by nature.\" \/>\n<meta name=\"robots\" content=\"index, follow, max-snippet:-1, max-image-preview:large, max-video-preview:-1\" \/>\n<link rel=\"canonical\" href=\"https:\/\/atelierdelaterreronde.com\/en\/planetes-fleurs\/\" \/>\n<meta property=\"og:locale\" content=\"en_US\" \/>\n<meta property=\"og:type\" content=\"article\" \/>\n<meta property=\"og:title\" content=\"Flower planets - Atelier de la Terre Ronde\" \/>\n<meta property=\"og:description\" content=\"Let yourself be seduced by our flower planets, original ceramic creations inspired by nature.\" \/>\n<meta property=\"og:url\" content=\"https:\/\/atelierdelaterreronde.com\/en\/planetes-fleurs\/\" \/>\n<meta property=\"og:site_name\" content=\"Atelier de la Terre Ronde\" \/>\n<meta property=\"article:modified_time\" content=\"2025-03-17T13:46:41+00:00\" \/>\n<meta name=\"twitter:card\" content=\"summary_large_image\" \/>\n<meta name=\"twitter:label1\" content=\"Est. reading time\" \/>\n\t<meta name=\"twitter:data1\" content=\"1 minute\" \/>\n<script type=\"application\/ld+json\" class=\"yoast-schema-graph\">{\"@context\":\"https:\/\/schema.org\",\"@graph\":[{\"@type\":\"WebPage\",\"@id\":\"https:\/\/atelierdelaterreronde.com\/en\/planetes-fleurs\/\",\"url\":\"https:\/\/atelierdelaterreronde.com\/en\/planetes-fleurs\/\",\"name\":\"Flower planets - Atelier de la Terre Ronde\",\"isPartOf\":{\"@id\":\"https:\/\/atelierdelaterreronde.com\/#website\"},\"datePublished\":\"2025-03-05T22:05:18+00:00\",\"dateModified\":\"2025-03-17T13:46:41+00:00\",\"description\":\"Let yourself be seduced by our flower planets, original ceramic creations inspired by nature.\",\"breadcrumb\":{\"@id\":\"https:\/\/atelierdelaterreronde.com\/en\/planetes-fleurs\/#breadcrumb\"},\"inLanguage\":\"en-US\",\"potentialAction\":[{\"@type\":\"ReadAction\",\"target\":[\"https:\/\/atelierdelaterreronde.com\/en\/planetes-fleurs\/\"]}]},{\"@type\":\"BreadcrumbList\",\"@id\":\"https:\/\/atelierdelaterreronde.com\/en\/planetes-fleurs\/#breadcrumb\",\"itemListElement\":[{\"@type\":\"ListItem\",\"position\":1,\"name\":\"Accueil\",\"item\":\"https:\/\/atelierdelaterreronde.com\/en\/home\/\"},{\"@type\":\"ListItem\",\"position\":2,\"name\":\"Flower planets\"}]},{\"@type\":\"WebSite\",\"@id\":\"https:\/\/atelierdelaterreronde.com\/#website\",\"url\":\"https:\/\/atelierdelaterreronde.com\/\",\"name\":\"Atelier de la Terre Ronde\",\"description\":\"\",\"potentialAction\":[{\"@type\":\"SearchAction\",\"target\":{\"@type\":\"EntryPoint\",\"urlTemplate\":\"https:\/\/atelierdelaterreronde.com\/?s={search_term_string}\"},\"query-input\":{\"@type\":\"PropertyValueSpecification\",\"valueRequired\":true,\"valueName\":\"search_term_string\"}}],\"inLanguage\":\"en-US\"}]}<\/script>\n<!-- \/ Yoast SEO plugin. -->","yoast_head_json":{"title":"Flower planets - Atelier de la Terre Ronde","description":"Let yourself be seduced by our flower planets, original ceramic creations inspired by nature.","robots":{"index":"index","follow":"follow","max-snippet":"max-snippet:-1","max-image-preview":"max-image-preview:large","max-video-preview":"max-video-preview:-1"},"canonical":"https:\/\/atelierdelaterreronde.com\/en\/planetes-fleurs\/","og_locale":"en_US","og_type":"article","og_title":"Flower planets - Atelier de la Terre Ronde","og_description":"Let yourself be seduced by our flower planets, original ceramic creations inspired by nature.","og_url":"https:\/\/atelierdelaterreronde.com\/en\/planetes-fleurs\/","og_site_name":"Atelier de la Terre Ronde","article_modified_time":"2025-03-17T13:46:41+00:00","twitter_card":"summary_large_image","twitter_misc":{"Est. reading time":"1 minute"},"schema":{"@context":"https:\/\/schema.org","@graph":[{"@type":"WebPage","@id":"https:\/\/atelierdelaterreronde.com\/en\/planetes-fleurs\/","url":"https:\/\/atelierdelaterreronde.com\/en\/planetes-fleurs\/","name":"Flower planets - Atelier de la Terre Ronde","isPartOf":{"@id":"https:\/\/atelierdelaterreronde.com\/#website"},"datePublished":"2025-03-05T22:05:18+00:00","dateModified":"2025-03-17T13:46:41+00:00","description":"Let yourself be seduced by our flower planets, original ceramic creations inspired by nature.","breadcrumb":{"@id":"https:\/\/atelierdelaterreronde.com\/en\/planetes-fleurs\/#breadcrumb"},"inLanguage":"en-US","potentialAction":[{"@type":"ReadAction","target":["https:\/\/atelierdelaterreronde.com\/en\/planetes-fleurs\/"]}]},{"@type":"BreadcrumbList","@id":"https:\/\/atelierdelaterreronde.com\/en\/planetes-fleurs\/#breadcrumb","itemListElement":[{"@type":"ListItem","position":1,"name":"Accueil","item":"https:\/\/atelierdelaterreronde.com\/en\/home\/"},{"@type":"ListItem","position":2,"name":"Flower planets"}]},{"@type":"WebSite","@id":"https:\/\/atelierdelaterreronde.com\/#website","url":"https:\/\/atelierdelaterreronde.com\/","name":"Atelier de la Terre Ronde","description":"","potentialAction":[{"@type":"SearchAction","target":{"@type":"EntryPoint","urlTemplate":"https:\/\/atelierdelaterreronde.com\/?s={search_term_string}"},"query-input":{"@type":"PropertyValueSpecification","valueRequired":true,"valueName":"search_term_string"}}],"inLanguage":"en-US"}]}},"jetpack_sharing_enabled":true,"_links":{"self":[{"href":"https:\/\/atelierdelaterreronde.com\/en\/wp-json\/wp\/v2\/pages\/428","targetHints":{"allow":["GET"]}}],"collection":[{"href":"https:\/\/atelierdelaterreronde.com\/en\/wp-json\/wp\/v2\/pages"}],"about":[{"href":"https:\/\/atelierdelaterreronde.com\/en\/wp-json\/wp\/v2\/types\/page"}],"author":[{"embeddable":true,"href":"https:\/\/atelierdelaterreronde.com\/en\/wp-json\/wp\/v2\/users\/2"}],"replies":[{"embeddable":true,"href":"https:\/\/atelierdelaterreronde.com\/en\/wp-json\/wp\/v2\/comments?post=428"}],"version-history":[{"count":7,"href":"https:\/\/atelierdelaterreronde.com\/en\/wp-json\/wp\/v2\/pages\/428\/revisions"}],"predecessor-version":[{"id":459,"href":"https:\/\/atelierdelaterreronde.com\/en\/wp-json\/wp\/v2\/pages\/428\/revisions\/459"}],"wp:attachment":[{"href":"https:\/\/atelierdelaterreronde.com\/en\/wp-json\/wp\/v2\/media?parent=428"}],"curies":[{"name":"wp","href":"https:\/\/api.w.org\/{rel}","templated":true}]}}