{"id":418,"date":"2025-03-05T23:06:50","date_gmt":"2025-03-05T22:06:50","guid":{"rendered":"https:\/\/atelierdelaterreronde.com\/index.php\/table-decorations-sylvie-souton\/"},"modified":"2025-03-17T14:28:35","modified_gmt":"2025-03-17T13:28:35","slug":"table-decorations-sylvie-souton","status":"publish","type":"page","link":"https:\/\/atelierdelaterreronde.com\/en\/table-decorations-sylvie-souton\/","title":{"rendered":"Table decorations"},"content":{"rendered":"<section class=\"l-section wpb_row height_small\"><div class=\"l-section-h i-cf\"><div class=\"g-cols vc_row via_grid cols_2 laptops-cols_inherit tablets-cols_inherit mobiles-cols_1 valign_top type_default stacking_default\"><div class=\"wpb_column vc_column_container\"><div class=\"vc_column-inner\"><div class=\"wpb_text_column\"><div class=\"wpb_wrapper\"><h1 style=\"text-align: center;\">TABLE DECORATIONS<\/h1>\n<\/div><\/div><div class=\"w-separator size_medium\"><\/div><div class=\"wpb_text_column\"><div class=\"wpb_wrapper\"><p>To combine business with pleasure, Sylvie creates trivets that can remain permanently on your furniture.<\/p>\n<\/div><\/div><\/div><\/div><div class=\"wpb_column vc_column_container\"><div class=\"vc_column-inner\"><div class=\"w-separator size_large\"><\/div><div class=\"w-btn-wrapper align_center\"><a class=\"w-btn us-btn-style_1\" href=\"https:\/\/terre-ronde.soconseils.fr\/index.php\/boutique\/\"><span class=\"w-btn-label\">Discover the store<\/span><\/a><\/div><\/div><\/div><\/div><\/div><\/section><section class=\"l-section wpb_row height_small\"><div class=\"l-section-h i-cf\"><div class=\"g-cols vc_row via_grid cols_1 laptops-cols_inherit tablets-cols_inherit mobiles-cols_1 valign_top type_default stacking_default\"><div class=\"wpb_column vc_column_container\"><div class=\"vc_column-inner\"><div class=\"w-gallery fit_cover type_grid ratio_1x1 count_4\" style=\"--columns:4;--items-gap:10px;\"><div class=\"w-gallery-list\"><div class=\"w-gallery-item\"><div class=\"w-gallery-item-img\"><img loading=\"lazy\" decoding=\"async\" width=\"700\" height=\"655\" src=\"https:\/\/atelierdelaterreronde.com\/wp-content\/uploads\/2025\/03\/PXL_20241104_084738040-scaled-e1738089240520.jpg\" class=\"attachment-large size-large\" alt=\"Sous-de-plat blanc et orange en c\u00e9ramique, d\u00e9coratif et artisanal, cr\u00e9\u00e9 \u00e0 l\u2019Atelier de la Terre Ronde.\" srcset=\"https:\/\/atelierdelaterreronde.com\/wp-content\/uploads\/2025\/03\/PXL_20241104_084738040-scaled-e1738089240520.jpg 700w, https:\/\/atelierdelaterreronde.com\/wp-content\/uploads\/2025\/03\/PXL_20241104_084738040-scaled-e1738089240520-300x281.jpg 300w, https:\/\/atelierdelaterreronde.com\/wp-content\/uploads\/2025\/03\/PXL_20241104_084738040-scaled-e1738089240520-600x561.jpg 600w\" sizes=\"auto, (max-width: 700px) 100vw, 700px\" \/><\/div><\/div><div class=\"w-gallery-item\"><div class=\"w-gallery-item-img\"><img loading=\"lazy\" decoding=\"async\" width=\"700\" height=\"634\" src=\"https:\/\/atelierdelaterreronde.com\/wp-content\/uploads\/2025\/03\/PXL_20250127_153410465.MP_-scaled-e1738090655165.jpg\" class=\"attachment-large size-large\" alt=\"Sous-de-plat bleu et blanc en c\u00e9ramique, d\u00e9coratif et artisanal, cr\u00e9\u00e9 \u00e0 l\u2019Atelier de la Terre Ronde.\" srcset=\"https:\/\/atelierdelaterreronde.com\/wp-content\/uploads\/2025\/03\/PXL_20250127_153410465.MP_-scaled-e1738090655165.jpg 700w, https:\/\/atelierdelaterreronde.com\/wp-content\/uploads\/2025\/03\/PXL_20250127_153410465.MP_-scaled-e1738090655165-300x272.jpg 300w, https:\/\/atelierdelaterreronde.com\/wp-content\/uploads\/2025\/03\/PXL_20250127_153410465.MP_-scaled-e1738090655165-600x543.jpg 600w\" sizes=\"auto, (max-width: 700px) 100vw, 700px\" \/><\/div><\/div><div class=\"w-gallery-item\"><div class=\"w-gallery-item-img\"><img loading=\"lazy\" decoding=\"async\" width=\"683\" height=\"1024\" src=\"https:\/\/atelierdelaterreronde.com\/wp-content\/uploads\/2025\/03\/IMG_3321-683x1024.jpg\" class=\"attachment-large size-large\" alt=\"Sous-de-plat en c\u00e9ramique noir et blanc, d\u00e9coratif et artisanal, cr\u00e9\u00e9 \u00e0 l\u2019Atelier de la Terre Ronde.\" srcset=\"https:\/\/atelierdelaterreronde.com\/wp-content\/uploads\/2025\/03\/IMG_3321-683x1024.jpg 683w, https:\/\/atelierdelaterreronde.com\/wp-content\/uploads\/2025\/03\/IMG_3321-200x300.jpg 200w, https:\/\/atelierdelaterreronde.com\/wp-content\/uploads\/2025\/03\/IMG_3321-600x900.jpg 600w, https:\/\/atelierdelaterreronde.com\/wp-content\/uploads\/2025\/03\/IMG_3321-scaled.jpg 1707w\" sizes=\"auto, (max-width: 683px) 100vw, 683px\" \/><\/div><\/div><div class=\"w-gallery-item\"><div class=\"w-gallery-item-img\"><img loading=\"lazy\" decoding=\"async\" width=\"499\" height=\"542\" src=\"https:\/\/atelierdelaterreronde.com\/wp-content\/uploads\/2025\/03\/PXL_20250127_153453133-scaled-e1738090770277.jpg\" class=\"attachment-large size-large\" alt=\"D\u00e9cor de table \u2013 Sous-de-plat en c\u00e9ramique RAKU \u2013 Atelier de la Terre Ronde\" srcset=\"https:\/\/atelierdelaterreronde.com\/wp-content\/uploads\/2025\/03\/PXL_20250127_153453133-scaled-e1738090770277.jpg 499w, https:\/\/atelierdelaterreronde.com\/wp-content\/uploads\/2025\/03\/PXL_20250127_153453133-scaled-e1738090770277-276x300.jpg 276w\" sizes=\"auto, (max-width: 499px) 100vw, 499px\" \/><\/div><\/div><\/div><\/div><\/div><\/div><\/div><\/div><\/section>\n","protected":false},"excerpt":{"rendered":"TABLE DECORATIONS To combine business with pleasure, Sylvie creates trivets that can remain permanently on your furniture. Discover the store","protected":false},"author":2,"featured_media":0,"parent":0,"menu_order":0,"comment_status":"closed","ping_status":"closed","template":"","meta":{"footnotes":""},"class_list":["post-418","page","type-page","status-publish","hentry"],"yoast_head":"<!-- This site is optimized with the Yoast SEO plugin v26.4 - https:\/\/yoast.com\/wordpress\/plugins\/seo\/ -->\n<title>Table decorations - Atelier de la Terre Ronde<\/title>\n<meta name=\"description\" content=\"Sylvie Souton table decorations: To combine business with pleasure, Sylvie creates trivets that can remain permanently on your furniture.\" \/>\n<meta name=\"robots\" content=\"index, follow, max-snippet:-1, max-image-preview:large, max-video-preview:-1\" \/>\n<link rel=\"canonical\" href=\"https:\/\/atelierdelaterreronde.com\/en\/table-decorations-sylvie-souton\/\" \/>\n<meta property=\"og:locale\" content=\"en_US\" \/>\n<meta property=\"og:type\" content=\"article\" \/>\n<meta property=\"og:title\" content=\"Table decorations - Atelier de la Terre Ronde\" \/>\n<meta property=\"og:description\" content=\"Sylvie Souton table decorations: To combine business with pleasure, Sylvie creates trivets that can remain permanently on your furniture.\" \/>\n<meta property=\"og:url\" content=\"https:\/\/atelierdelaterreronde.com\/en\/table-decorations-sylvie-souton\/\" \/>\n<meta property=\"og:site_name\" content=\"Atelier de la Terre Ronde\" \/>\n<meta property=\"article:modified_time\" content=\"2025-03-17T13:28:35+00:00\" \/>\n<meta name=\"twitter:card\" content=\"summary_large_image\" \/>\n<meta name=\"twitter:label1\" content=\"Est. reading time\" \/>\n\t<meta name=\"twitter:data1\" content=\"1 minute\" \/>\n<script type=\"application\/ld+json\" class=\"yoast-schema-graph\">{\"@context\":\"https:\/\/schema.org\",\"@graph\":[{\"@type\":\"WebPage\",\"@id\":\"https:\/\/atelierdelaterreronde.com\/en\/table-decorations-sylvie-souton\/\",\"url\":\"https:\/\/atelierdelaterreronde.com\/en\/table-decorations-sylvie-souton\/\",\"name\":\"Table decorations - Atelier de la Terre Ronde\",\"isPartOf\":{\"@id\":\"https:\/\/atelierdelaterreronde.com\/#website\"},\"datePublished\":\"2025-03-05T22:06:50+00:00\",\"dateModified\":\"2025-03-17T13:28:35+00:00\",\"description\":\"Sylvie Souton table decorations: To combine business with pleasure, Sylvie creates trivets that can remain permanently on your furniture.\",\"breadcrumb\":{\"@id\":\"https:\/\/atelierdelaterreronde.com\/en\/table-decorations-sylvie-souton\/#breadcrumb\"},\"inLanguage\":\"en-US\",\"potentialAction\":[{\"@type\":\"ReadAction\",\"target\":[\"https:\/\/atelierdelaterreronde.com\/en\/table-decorations-sylvie-souton\/\"]}]},{\"@type\":\"BreadcrumbList\",\"@id\":\"https:\/\/atelierdelaterreronde.com\/en\/table-decorations-sylvie-souton\/#breadcrumb\",\"itemListElement\":[{\"@type\":\"ListItem\",\"position\":1,\"name\":\"Accueil\",\"item\":\"https:\/\/atelierdelaterreronde.com\/en\/home\/\"},{\"@type\":\"ListItem\",\"position\":2,\"name\":\"Table decorations\"}]},{\"@type\":\"WebSite\",\"@id\":\"https:\/\/atelierdelaterreronde.com\/#website\",\"url\":\"https:\/\/atelierdelaterreronde.com\/\",\"name\":\"Atelier de la Terre Ronde\",\"description\":\"\",\"potentialAction\":[{\"@type\":\"SearchAction\",\"target\":{\"@type\":\"EntryPoint\",\"urlTemplate\":\"https:\/\/atelierdelaterreronde.com\/?s={search_term_string}\"},\"query-input\":{\"@type\":\"PropertyValueSpecification\",\"valueRequired\":true,\"valueName\":\"search_term_string\"}}],\"inLanguage\":\"en-US\"}]}<\/script>\n<!-- \/ Yoast SEO plugin. -->","yoast_head_json":{"title":"Table decorations - Atelier de la Terre Ronde","description":"Sylvie Souton table decorations: To combine business with pleasure, Sylvie creates trivets that can remain permanently on your furniture.","robots":{"index":"index","follow":"follow","max-snippet":"max-snippet:-1","max-image-preview":"max-image-preview:large","max-video-preview":"max-video-preview:-1"},"canonical":"https:\/\/atelierdelaterreronde.com\/en\/table-decorations-sylvie-souton\/","og_locale":"en_US","og_type":"article","og_title":"Table decorations - Atelier de la Terre Ronde","og_description":"Sylvie Souton table decorations: To combine business with pleasure, Sylvie creates trivets that can remain permanently on your furniture.","og_url":"https:\/\/atelierdelaterreronde.com\/en\/table-decorations-sylvie-souton\/","og_site_name":"Atelier de la Terre Ronde","article_modified_time":"2025-03-17T13:28:35+00:00","twitter_card":"summary_large_image","twitter_misc":{"Est. reading time":"1 minute"},"schema":{"@context":"https:\/\/schema.org","@graph":[{"@type":"WebPage","@id":"https:\/\/atelierdelaterreronde.com\/en\/table-decorations-sylvie-souton\/","url":"https:\/\/atelierdelaterreronde.com\/en\/table-decorations-sylvie-souton\/","name":"Table decorations - Atelier de la Terre Ronde","isPartOf":{"@id":"https:\/\/atelierdelaterreronde.com\/#website"},"datePublished":"2025-03-05T22:06:50+00:00","dateModified":"2025-03-17T13:28:35+00:00","description":"Sylvie Souton table decorations: To combine business with pleasure, Sylvie creates trivets that can remain permanently on your furniture.","breadcrumb":{"@id":"https:\/\/atelierdelaterreronde.com\/en\/table-decorations-sylvie-souton\/#breadcrumb"},"inLanguage":"en-US","potentialAction":[{"@type":"ReadAction","target":["https:\/\/atelierdelaterreronde.com\/en\/table-decorations-sylvie-souton\/"]}]},{"@type":"BreadcrumbList","@id":"https:\/\/atelierdelaterreronde.com\/en\/table-decorations-sylvie-souton\/#breadcrumb","itemListElement":[{"@type":"ListItem","position":1,"name":"Accueil","item":"https:\/\/atelierdelaterreronde.com\/en\/home\/"},{"@type":"ListItem","position":2,"name":"Table decorations"}]},{"@type":"WebSite","@id":"https:\/\/atelierdelaterreronde.com\/#website","url":"https:\/\/atelierdelaterreronde.com\/","name":"Atelier de la Terre Ronde","description":"","potentialAction":[{"@type":"SearchAction","target":{"@type":"EntryPoint","urlTemplate":"https:\/\/atelierdelaterreronde.com\/?s={search_term_string}"},"query-input":{"@type":"PropertyValueSpecification","valueRequired":true,"valueName":"search_term_string"}}],"inLanguage":"en-US"}]}},"jetpack_sharing_enabled":true,"_links":{"self":[{"href":"https:\/\/atelierdelaterreronde.com\/en\/wp-json\/wp\/v2\/pages\/418","targetHints":{"allow":["GET"]}}],"collection":[{"href":"https:\/\/atelierdelaterreronde.com\/en\/wp-json\/wp\/v2\/pages"}],"about":[{"href":"https:\/\/atelierdelaterreronde.com\/en\/wp-json\/wp\/v2\/types\/page"}],"author":[{"embeddable":true,"href":"https:\/\/atelierdelaterreronde.com\/en\/wp-json\/wp\/v2\/users\/2"}],"replies":[{"embeddable":true,"href":"https:\/\/atelierdelaterreronde.com\/en\/wp-json\/wp\/v2\/comments?post=418"}],"version-history":[{"count":3,"href":"https:\/\/atelierdelaterreronde.com\/en\/wp-json\/wp\/v2\/pages\/418\/revisions"}],"predecessor-version":[{"id":449,"href":"https:\/\/atelierdelaterreronde.com\/en\/wp-json\/wp\/v2\/pages\/418\/revisions\/449"}],"wp:attachment":[{"href":"https:\/\/atelierdelaterreronde.com\/en\/wp-json\/wp\/v2\/media?parent=418"}],"curies":[{"name":"wp","href":"https:\/\/api.w.org\/{rel}","templated":true}]}}