{"id":415,"date":"2025-03-05T22:04:53","date_gmt":"2025-03-05T21:04:53","guid":{"rendered":"https:\/\/atelierdelaterreronde.com\/index.php\/ceramic-creations-sylvie-souton\/"},"modified":"2025-03-17T14:54:44","modified_gmt":"2025-03-17T13:54:44","slug":"ceramic-creations-sylvie-souton","status":"publish","type":"page","link":"https:\/\/atelierdelaterreronde.com\/en\/ceramic-creations-sylvie-souton\/","title":{"rendered":"Ceramic Creations"},"content":{"rendered":"<section class=\"l-section wpb_row height_small\"><div class=\"l-section-h i-cf\"><div class=\"g-cols vc_row via_grid cols_1 laptops-cols_inherit tablets-cols_inherit mobiles-cols_1 valign_top type_default stacking_default\"><div class=\"wpb_column vc_column_container\"><div class=\"vc_column-inner\"><div class=\"wpb_text_column\"><div class=\"wpb_wrapper\"><h1 style=\"text-align: center;\"><span style=\"font-size: 24pt;\">DISCOVER MY CREATIONS<\/span><\/h1>\n<p>Explore my world and my handcrafted works: <a href=\"https:\/\/atelierdelaterreronde.com\/en\/ceramic-boxes-sylvie-souton\/\">boxes<\/a>, <a href=\"https:\/\/atelierdelaterreronde.com\/en\/framed-paintings-sylvie-souton\/\">soliflores<\/a>, <a href=\"https:\/\/atelierdelaterreronde.com\/en\/planetes-fleurs\/\">flower planets<\/a>, <a href=\"https:\/\/atelierdelaterreronde.com\/en\/framed-paintings-sylvie-souton\/\">paintings<\/a> and <a href=\"https:\/\/atelierdelaterreronde.com\/en\/sylvie-souton-ceramic-sculptures\/\">ceramic sculptures<\/a><\/p>\n<\/div><\/div><\/div><\/div><\/div><\/div><\/section><section class=\"l-section wpb_row height_small\"><div class=\"l-section-h i-cf\"><div class=\"g-cols vc_row via_grid cols_3 laptops-cols_inherit tablets-cols_inherit mobiles-cols_1 valign_top type_default stacking_default\"><div class=\"wpb_column vc_column_container\"><div class=\"vc_column-inner\"><div class=\"w-image us_custom_46845caf us_animate_this align_none\"><a href=\"https:\/\/terre-ronde.soconseils.fr\/en\/sylvie-souton-ceramic-sculptures\/\" aria-label=\"Sculptures en c\u00e9ramique repr\u00e9sentant des demoiselles, cr\u00e9ations artisanales de l\u2019Atelier de la Terre Ronde, expos\u00e9es en Loz\u00e8re, Aveyron, Mende et Cantal.\" class=\"w-image-h\"><img decoding=\"async\" width=\"1050\" height=\"600\" src=\"https:\/\/atelierdelaterreronde.com\/wp-content\/uploads\/2025\/03\/1-2.png\" class=\"attachment-full size-full\" alt=\"Sculptures en c\u00e9ramique repr\u00e9sentant des demoiselles, cr\u00e9ations artisanales de l\u2019Atelier de la Terre Ronde, expos\u00e9es en Loz\u00e8re, Aveyron, Mende et Cantal.\" loading=\"lazy\" srcset=\"https:\/\/atelierdelaterreronde.com\/wp-content\/uploads\/2025\/03\/1-2.png 1050w, https:\/\/atelierdelaterreronde.com\/wp-content\/uploads\/2025\/03\/1-2-300x171.png 300w, https:\/\/atelierdelaterreronde.com\/wp-content\/uploads\/2025\/03\/1-2-1024x585.png 1024w, https:\/\/atelierdelaterreronde.com\/wp-content\/uploads\/2025\/03\/1-2-600x343.png 600w\" sizes=\"auto, (max-width: 1050px) 100vw, 1050px\" \/><\/a><\/div><\/div><\/div><div class=\"wpb_column vc_column_container\"><div class=\"vc_column-inner\"><div class=\"w-image us_custom_46845caf us_animate_this align_none\"><a href=\"https:\/\/terre-ronde.soconseils.fr\/en\/planetes-fleurs\/\" aria-label=\"Noir Blanc Monochrome Moderne \u00e9l\u00e9gant Illustration Entreprise Professionnel Carte de visite\" class=\"w-image-h\"><img decoding=\"async\" width=\"1050\" height=\"600\" src=\"https:\/\/atelierdelaterreronde.com\/wp-content\/uploads\/2025\/03\/Noir-Blanc-Monochrome-Moderne-elegant-Illustration-Entreprise-Professionnel-Carte-de-visite.png\" class=\"attachment-full size-full\" alt=\"Plan\u00e8tes fleuries en c\u00e9ramique, cr\u00e9ations artisanales de l\u2019Atelier de la Terre Ronde, expos\u00e9es dans un atelier en Loz\u00e8re, pr\u00e8s de Mende, Aveyron et Cantal.\" loading=\"lazy\" srcset=\"https:\/\/atelierdelaterreronde.com\/wp-content\/uploads\/2025\/03\/Noir-Blanc-Monochrome-Moderne-elegant-Illustration-Entreprise-Professionnel-Carte-de-visite.png 1050w, https:\/\/atelierdelaterreronde.com\/wp-content\/uploads\/2025\/03\/Noir-Blanc-Monochrome-Moderne-elegant-Illustration-Entreprise-Professionnel-Carte-de-visite-300x171.png 300w, https:\/\/atelierdelaterreronde.com\/wp-content\/uploads\/2025\/03\/Noir-Blanc-Monochrome-Moderne-elegant-Illustration-Entreprise-Professionnel-Carte-de-visite-1024x585.png 1024w, https:\/\/atelierdelaterreronde.com\/wp-content\/uploads\/2025\/03\/Noir-Blanc-Monochrome-Moderne-elegant-Illustration-Entreprise-Professionnel-Carte-de-visite-600x343.png 600w\" sizes=\"auto, (max-width: 1050px) 100vw, 1050px\" \/><\/a><\/div><\/div><\/div><div class=\"wpb_column vc_column_container\"><div class=\"vc_column-inner\"><div class=\"w-image us_custom_46845caf us_animate_this align_none\"><a href=\"https:\/\/terre-ronde.soconseils.fr\/en\/table-decorations-sylvie-souton\/\" aria-label=\"Poterie en terre cuite fa\u00e7onn\u00e9e \u00e0 la main, expos\u00e9e dans l\u2019Atelier de la Terre Ronde en Loz\u00e8re, avec des touches florales uniques.\" class=\"w-image-h\"><img decoding=\"async\" width=\"1050\" height=\"600\" src=\"https:\/\/atelierdelaterreronde.com\/wp-content\/uploads\/2025\/03\/5-2.png\" class=\"attachment-full size-full\" alt=\"Poterie en terre cuite fa\u00e7onn\u00e9e \u00e0 la main, expos\u00e9e dans l\u2019Atelier de la Terre Ronde en Loz\u00e8re, avec des touches florales uniques.\" loading=\"lazy\" srcset=\"https:\/\/atelierdelaterreronde.com\/wp-content\/uploads\/2025\/03\/5-2.png 1050w, https:\/\/atelierdelaterreronde.com\/wp-content\/uploads\/2025\/03\/5-2-300x171.png 300w, https:\/\/atelierdelaterreronde.com\/wp-content\/uploads\/2025\/03\/5-2-1024x585.png 1024w, https:\/\/atelierdelaterreronde.com\/wp-content\/uploads\/2025\/03\/5-2-600x343.png 600w\" sizes=\"auto, (max-width: 1050px) 100vw, 1050px\" \/><\/a><\/div><\/div><\/div><\/div><\/div><\/section><section class=\"l-section wpb_row height_small\"><div class=\"l-section-h i-cf\"><div class=\"g-cols vc_row via_grid cols_3 laptops-cols_inherit tablets-cols_inherit mobiles-cols_1 valign_top type_default stacking_default\"><div class=\"wpb_column vc_column_container\"><div class=\"vc_column-inner\"><div class=\"w-image us_custom_46845caf us_animate_this align_none\"><a href=\"https:\/\/terre-ronde.soconseils.fr\/en\/framed-paintings-sylvie-souton\/\" aria-label=\"Tableaux et cadres en c\u00e9ramique d\u00e9coratifs, cr\u00e9ations artisanales de l\u2019Atelier de la Terre Ronde, expos\u00e9s en Loz\u00e8re, Aveyron, Mende et Cantal.\" class=\"w-image-h\"><img decoding=\"async\" width=\"1050\" height=\"600\" src=\"https:\/\/atelierdelaterreronde.com\/wp-content\/uploads\/2025\/03\/3-2.png\" class=\"attachment-full size-full\" alt=\"Tableaux et cadres en c\u00e9ramique d\u00e9coratifs, cr\u00e9ations artisanales de l\u2019Atelier de la Terre Ronde, expos\u00e9s en Loz\u00e8re, Aveyron, Mende et Cantal.\" loading=\"lazy\" srcset=\"https:\/\/atelierdelaterreronde.com\/wp-content\/uploads\/2025\/03\/3-2.png 1050w, https:\/\/atelierdelaterreronde.com\/wp-content\/uploads\/2025\/03\/3-2-300x171.png 300w, https:\/\/atelierdelaterreronde.com\/wp-content\/uploads\/2025\/03\/3-2-1024x585.png 1024w, https:\/\/atelierdelaterreronde.com\/wp-content\/uploads\/2025\/03\/3-2-600x343.png 600w\" sizes=\"auto, (max-width: 1050px) 100vw, 1050px\" \/><\/a><\/div><\/div><\/div><div class=\"wpb_column vc_column_container\"><div class=\"vc_column-inner\"><div class=\"w-image us_custom_46845caf us_animate_this align_none\"><a href=\"https:\/\/terre-ronde.soconseils.fr\/en\/floral-arrangements-and-soliflores\/\" aria-label=\"Noir Blanc Monochrome Moderne \u00e9l\u00e9gant Illustration Entreprise Professionnel Carte de visite (1)\" class=\"w-image-h\"><img decoding=\"async\" width=\"1050\" height=\"600\" src=\"https:\/\/atelierdelaterreronde.com\/wp-content\/uploads\/2025\/03\/Noir-Blanc-Monochrome-Moderne-elegant-Illustration-Entreprise-Professionnel-Carte-de-visite-1.png\" class=\"attachment-full size-full\" alt=\"Carte de visite moderne et \u00e9l\u00e9gante de l\u2019Atelier de la Terre Ronde, mettant en avant la poterie artisanale en Loz\u00e8re, Aveyron, Mende et Cantal.\" loading=\"lazy\" srcset=\"https:\/\/atelierdelaterreronde.com\/wp-content\/uploads\/2025\/03\/Noir-Blanc-Monochrome-Moderne-elegant-Illustration-Entreprise-Professionnel-Carte-de-visite-1.png 1050w, https:\/\/atelierdelaterreronde.com\/wp-content\/uploads\/2025\/03\/Noir-Blanc-Monochrome-Moderne-elegant-Illustration-Entreprise-Professionnel-Carte-de-visite-1-300x171.png 300w, https:\/\/atelierdelaterreronde.com\/wp-content\/uploads\/2025\/03\/Noir-Blanc-Monochrome-Moderne-elegant-Illustration-Entreprise-Professionnel-Carte-de-visite-1-1024x585.png 1024w, https:\/\/atelierdelaterreronde.com\/wp-content\/uploads\/2025\/03\/Noir-Blanc-Monochrome-Moderne-elegant-Illustration-Entreprise-Professionnel-Carte-de-visite-1-600x343.png 600w\" sizes=\"auto, (max-width: 1050px) 100vw, 1050px\" \/><\/a><\/div><\/div><\/div><div class=\"wpb_column vc_column_container\"><div class=\"vc_column-inner\"><div class=\"w-image us_custom_46845caf us_animate_this align_none\"><a href=\"https:\/\/terre-ronde.soconseils.fr\/en\/ceramic-boxes-sylvie-souton\/\" aria-label=\"Bo\u00eetes en c\u00e9ramique d\u00e9cor\u00e9es \u00e0 la main, cr\u00e9ations artisanales de l\u2019Atelier de la Terre Ronde, expos\u00e9es en Loz\u00e8re, Aveyron, Mende et Cantal.\" class=\"w-image-h\"><img decoding=\"async\" width=\"1050\" height=\"600\" src=\"https:\/\/atelierdelaterreronde.com\/wp-content\/uploads\/2025\/03\/4-2.png\" class=\"attachment-full size-full\" alt=\"Bo\u00eetes en c\u00e9ramique d\u00e9cor\u00e9es \u00e0 la main, cr\u00e9ations artisanales de l\u2019Atelier de la Terre Ronde, expos\u00e9es en Loz\u00e8re, Aveyron, Mende et Cantal.\" loading=\"lazy\" srcset=\"https:\/\/atelierdelaterreronde.com\/wp-content\/uploads\/2025\/03\/4-2.png 1050w, https:\/\/atelierdelaterreronde.com\/wp-content\/uploads\/2025\/03\/4-2-300x171.png 300w, https:\/\/atelierdelaterreronde.com\/wp-content\/uploads\/2025\/03\/4-2-1024x585.png 1024w, https:\/\/atelierdelaterreronde.com\/wp-content\/uploads\/2025\/03\/4-2-600x343.png 600w\" sizes=\"auto, (max-width: 1050px) 100vw, 1050px\" \/><\/a><\/div><\/div><\/div><\/div><\/div><\/section><section class=\"l-section wpb_row height_small\"><div class=\"l-section-h i-cf\"><div class=\"g-cols vc_row via_grid cols_1 laptops-cols_inherit tablets-cols_inherit mobiles-cols_1 valign_top type_default stacking_default\"><div class=\"wpb_column vc_column_container\"><div class=\"vc_column-inner\"><\/div><\/div><\/div><\/div><\/section>\n","protected":false},"excerpt":{"rendered":"DISCOVER MY CREATIONS Explore my world and my handcrafted works: boxes, soliflores, flower planets, paintings and ceramic sculptures","protected":false},"author":2,"featured_media":0,"parent":0,"menu_order":0,"comment_status":"closed","ping_status":"closed","template":"","meta":{"footnotes":""},"class_list":["post-415","page","type-page","status-publish","hentry"],"yoast_head":"<!-- This site is optimized with the Yoast SEO plugin v26.4 - https:\/\/yoast.com\/wordpress\/plugins\/seo\/ -->\n<title>Ceramic Creations - Atelier de la Terre Ronde by Sylvie Souton<\/title>\n<meta name=\"description\" content=\"Creations c\u00e9ramiques Sylvie Souton: Explore the artisanal works of Atelier de la Terre Ronde: boxes, soliflores, flower planets, ceramic sculptures.\" \/>\n<meta name=\"robots\" content=\"index, follow, max-snippet:-1, max-image-preview:large, max-video-preview:-1\" \/>\n<link rel=\"canonical\" href=\"https:\/\/atelierdelaterreronde.com\/en\/ceramic-creations-sylvie-souton\/\" \/>\n<meta property=\"og:locale\" content=\"en_US\" \/>\n<meta property=\"og:type\" content=\"article\" \/>\n<meta property=\"og:title\" content=\"Ceramic Creations - Atelier de la Terre Ronde by Sylvie Souton\" \/>\n<meta property=\"og:description\" content=\"Creations c\u00e9ramiques Sylvie Souton: Explore the artisanal works of Atelier de la Terre Ronde: boxes, soliflores, flower planets, ceramic sculptures.\" \/>\n<meta property=\"og:url\" content=\"https:\/\/atelierdelaterreronde.com\/en\/ceramic-creations-sylvie-souton\/\" \/>\n<meta property=\"og:site_name\" content=\"Atelier de la Terre Ronde\" \/>\n<meta property=\"article:modified_time\" content=\"2025-03-17T13:54:44+00:00\" \/>\n<meta name=\"twitter:card\" content=\"summary_large_image\" \/>\n<meta name=\"twitter:label1\" content=\"Est. reading time\" \/>\n\t<meta name=\"twitter:data1\" content=\"1 minute\" \/>\n<script type=\"application\/ld+json\" class=\"yoast-schema-graph\">{\"@context\":\"https:\/\/schema.org\",\"@graph\":[{\"@type\":\"WebPage\",\"@id\":\"https:\/\/atelierdelaterreronde.com\/en\/ceramic-creations-sylvie-souton\/\",\"url\":\"https:\/\/atelierdelaterreronde.com\/en\/ceramic-creations-sylvie-souton\/\",\"name\":\"Ceramic Creations - Atelier de la Terre Ronde by Sylvie Souton\",\"isPartOf\":{\"@id\":\"https:\/\/atelierdelaterreronde.com\/#website\"},\"datePublished\":\"2025-03-05T21:04:53+00:00\",\"dateModified\":\"2025-03-17T13:54:44+00:00\",\"description\":\"Creations c\u00e9ramiques Sylvie Souton: Explore the artisanal works of Atelier de la Terre Ronde: boxes, soliflores, flower planets, ceramic sculptures.\",\"breadcrumb\":{\"@id\":\"https:\/\/atelierdelaterreronde.com\/en\/ceramic-creations-sylvie-souton\/#breadcrumb\"},\"inLanguage\":\"en-US\",\"potentialAction\":[{\"@type\":\"ReadAction\",\"target\":[\"https:\/\/atelierdelaterreronde.com\/en\/ceramic-creations-sylvie-souton\/\"]}]},{\"@type\":\"BreadcrumbList\",\"@id\":\"https:\/\/atelierdelaterreronde.com\/en\/ceramic-creations-sylvie-souton\/#breadcrumb\",\"itemListElement\":[{\"@type\":\"ListItem\",\"position\":1,\"name\":\"Accueil\",\"item\":\"https:\/\/atelierdelaterreronde.com\/en\/home\/\"},{\"@type\":\"ListItem\",\"position\":2,\"name\":\"Ceramic Creations\"}]},{\"@type\":\"WebSite\",\"@id\":\"https:\/\/atelierdelaterreronde.com\/#website\",\"url\":\"https:\/\/atelierdelaterreronde.com\/\",\"name\":\"Atelier de la Terre Ronde\",\"description\":\"\",\"potentialAction\":[{\"@type\":\"SearchAction\",\"target\":{\"@type\":\"EntryPoint\",\"urlTemplate\":\"https:\/\/atelierdelaterreronde.com\/?s={search_term_string}\"},\"query-input\":{\"@type\":\"PropertyValueSpecification\",\"valueRequired\":true,\"valueName\":\"search_term_string\"}}],\"inLanguage\":\"en-US\"}]}<\/script>\n<!-- \/ Yoast SEO plugin. -->","yoast_head_json":{"title":"Ceramic Creations - Atelier de la Terre Ronde by Sylvie Souton","description":"Creations c\u00e9ramiques Sylvie Souton: Explore the artisanal works of Atelier de la Terre Ronde: boxes, soliflores, flower planets, ceramic sculptures.","robots":{"index":"index","follow":"follow","max-snippet":"max-snippet:-1","max-image-preview":"max-image-preview:large","max-video-preview":"max-video-preview:-1"},"canonical":"https:\/\/atelierdelaterreronde.com\/en\/ceramic-creations-sylvie-souton\/","og_locale":"en_US","og_type":"article","og_title":"Ceramic Creations - Atelier de la Terre Ronde by Sylvie Souton","og_description":"Creations c\u00e9ramiques Sylvie Souton: Explore the artisanal works of Atelier de la Terre Ronde: boxes, soliflores, flower planets, ceramic sculptures.","og_url":"https:\/\/atelierdelaterreronde.com\/en\/ceramic-creations-sylvie-souton\/","og_site_name":"Atelier de la Terre Ronde","article_modified_time":"2025-03-17T13:54:44+00:00","twitter_card":"summary_large_image","twitter_misc":{"Est. reading time":"1 minute"},"schema":{"@context":"https:\/\/schema.org","@graph":[{"@type":"WebPage","@id":"https:\/\/atelierdelaterreronde.com\/en\/ceramic-creations-sylvie-souton\/","url":"https:\/\/atelierdelaterreronde.com\/en\/ceramic-creations-sylvie-souton\/","name":"Ceramic Creations - Atelier de la Terre Ronde by Sylvie Souton","isPartOf":{"@id":"https:\/\/atelierdelaterreronde.com\/#website"},"datePublished":"2025-03-05T21:04:53+00:00","dateModified":"2025-03-17T13:54:44+00:00","description":"Creations c\u00e9ramiques Sylvie Souton: Explore the artisanal works of Atelier de la Terre Ronde: boxes, soliflores, flower planets, ceramic sculptures.","breadcrumb":{"@id":"https:\/\/atelierdelaterreronde.com\/en\/ceramic-creations-sylvie-souton\/#breadcrumb"},"inLanguage":"en-US","potentialAction":[{"@type":"ReadAction","target":["https:\/\/atelierdelaterreronde.com\/en\/ceramic-creations-sylvie-souton\/"]}]},{"@type":"BreadcrumbList","@id":"https:\/\/atelierdelaterreronde.com\/en\/ceramic-creations-sylvie-souton\/#breadcrumb","itemListElement":[{"@type":"ListItem","position":1,"name":"Accueil","item":"https:\/\/atelierdelaterreronde.com\/en\/home\/"},{"@type":"ListItem","position":2,"name":"Ceramic Creations"}]},{"@type":"WebSite","@id":"https:\/\/atelierdelaterreronde.com\/#website","url":"https:\/\/atelierdelaterreronde.com\/","name":"Atelier de la Terre Ronde","description":"","potentialAction":[{"@type":"SearchAction","target":{"@type":"EntryPoint","urlTemplate":"https:\/\/atelierdelaterreronde.com\/?s={search_term_string}"},"query-input":{"@type":"PropertyValueSpecification","valueRequired":true,"valueName":"search_term_string"}}],"inLanguage":"en-US"}]}},"jetpack_sharing_enabled":true,"_links":{"self":[{"href":"https:\/\/atelierdelaterreronde.com\/en\/wp-json\/wp\/v2\/pages\/415","targetHints":{"allow":["GET"]}}],"collection":[{"href":"https:\/\/atelierdelaterreronde.com\/en\/wp-json\/wp\/v2\/pages"}],"about":[{"href":"https:\/\/atelierdelaterreronde.com\/en\/wp-json\/wp\/v2\/types\/page"}],"author":[{"embeddable":true,"href":"https:\/\/atelierdelaterreronde.com\/en\/wp-json\/wp\/v2\/users\/2"}],"replies":[{"embeddable":true,"href":"https:\/\/atelierdelaterreronde.com\/en\/wp-json\/wp\/v2\/comments?post=415"}],"version-history":[{"count":6,"href":"https:\/\/atelierdelaterreronde.com\/en\/wp-json\/wp\/v2\/pages\/415\/revisions"}],"predecessor-version":[{"id":460,"href":"https:\/\/atelierdelaterreronde.com\/en\/wp-json\/wp\/v2\/pages\/415\/revisions\/460"}],"wp:attachment":[{"href":"https:\/\/atelierdelaterreronde.com\/en\/wp-json\/wp\/v2\/media?parent=415"}],"curies":[{"name":"wp","href":"https:\/\/api.w.org\/{rel}","templated":true}]}}