{"id":402,"date":"2025-02-13T10:24:50","date_gmt":"2025-02-13T09:24:50","guid":{"rendered":"https:\/\/atelierdelaterreronde.com\/index.php\/home\/"},"modified":"2025-03-17T15:18:00","modified_gmt":"2025-03-17T14:18:00","slug":"home","status":"publish","type":"page","link":"https:\/\/atelierdelaterreronde.com\/en\/","title":{"rendered":"HOME"},"content":{"rendered":"<section class=\"l-section wpb_row us_custom_29ae11df height_auto full_height valign_center width_full\"><div class=\"l-section-h i-cf\"><div class=\"g-cols vc_row via_grid cols_1 laptops-cols_inherit tablets-cols_inherit mobiles-cols_1 valign_top type_default stacking_default\"><div class=\"wpb_column vc_column_container stretched\"><div class=\"vc_column-inner\"><div class=\"w-slider style_none fit_contain nav_none count_1\"><div class=\"w-slider-h\"><div class=\"royalSlider\"><div class=\"rsContent\"><a class=\"rsImg\" data-rsw=\"1613\" data-rsh=\"622\" href=\"https:\/\/atelierdelaterreronde.com\/wp-content\/uploads\/2025\/03\/Capture-decran-2025-03-06-100913.png\"><span data-alt=\"Application de la technique de Raku \u2013 Choc thermique et sciure pour cr\u00e9er des effets uniques sur la c\u00e9ramique, r\u00e9alis\u00e9 \u00e0 l\u2019Atelier de la Terre Ronde.\"><\/span><\/a><\/div><\/div><img decoding=\"async\" src=\"https:\/\/atelierdelaterreronde.com\/wp-content\/uploads\/2025\/03\/Capture-decran-2025-03-06-100913.png\" width=\"1613\" height=\"622\" alt=\"Application de la technique de Raku \u2013 Choc thermique et sciure pour cr\u00e9er des effets uniques sur la c\u00e9ramique, r\u00e9alis\u00e9 \u00e0 l\u2019Atelier de la Terre Ronde.\" loading=\"lazy\"><\/div><div class=\"w-slider-json\" onclick='return {&quot;autoScaleSlider&quot;:true,&quot;addActiveClass&quot;:true,&quot;loop&quot;:true,&quot;fadeInLoadedSlide&quot;:false,&quot;slidesSpacing&quot;:0,&quot;imageScalePadding&quot;:0,&quot;numImagesToPreload&quot;:2,&quot;arrowsNav&quot;:true,&quot;arrowsNavAutoHide&quot;:false,&quot;transitionType&quot;:&quot;fade&quot;,&quot;transitionSpeed&quot;:50,&quot;block&quot;:{&quot;moveEffect&quot;:&quot;none&quot;,&quot;speed&quot;:300},&quot;thumbs&quot;:{&quot;fitInViewport&quot;:false,&quot;firstMargin&quot;:false,&quot;spacing&quot;:4},&quot;controlNavigation&quot;:&quot;none&quot;,&quot;autoplay&quot;:{&quot;enabled&quot;:true,&quot;pauseOnHover&quot;:true,&quot;delay&quot;:2000},&quot;autoScaleSliderWidth&quot;:1613,&quot;autoScaleSliderHeight&quot;:622}'><\/div><\/div><\/div><\/div><\/div><\/div><\/section><section class=\"l-section wpb_row height_medium\"><div class=\"l-section-h i-cf\"><div class=\"g-cols vc_row via_grid cols_2 laptops-cols_inherit tablets-cols_inherit mobiles-cols_1 valign_top type_default stacking_default\"><div class=\"wpb_column vc_column_container\"><div class=\"vc_column-inner\"><div class=\"w-separator size_small\"><\/div><div class=\"wpb_text_column us_custom_7e20fa79 us_animate_this\"><div class=\"wpb_wrapper\"><h1>Welcome to L&#8217;Atelier de la Terre Ronde<\/h1>\n<p style=\"text-align: justify;\">Some encounters are more important than others, and mine with clay is one of them. Initially, I had to tame the material, learning from other potters and over time in the intimacy of my studio. <\/p>\n<p style=\"text-align: justify;\">Under my hands, clay gradually allowed itself to be tamed. Using an ancestral technique known as &#8220;Raku&#8221;, I shaped my dreams. The surprises of thermal shock have never ceased to help me evolve. My path, then, has been punctuated by exhibitions, art fairs and precious, rich and creative encounters.   <\/p>\n<p style=\"text-align: right;\">Sylvie SOUTON CHANY<\/p>\n<\/div><\/div><\/div><\/div><div class=\"wpb_column vc_column_container\"><div class=\"vc_column-inner\"><div class=\"w-image us_custom_47474b22 us_animate_this align_none\"><div class=\"w-image-h\"><img decoding=\"async\" width=\"940\" height=\"788\" src=\"https:\/\/atelierdelaterreronde.com\/wp-content\/uploads\/2025\/03\/Publication-fb-Atelier-de-la-terre-ronde.png\" class=\"attachment-large size-large\" alt=\"Publication Facebook mettant en avant les cr\u00e9ations en c\u00e9ramique de l&#039;Atelier de la Terre Ronde, avec des images de poteries artisanales en Loz\u00e8re, Aveyron, Mende et Cantal.\" loading=\"lazy\" srcset=\"https:\/\/atelierdelaterreronde.com\/wp-content\/uploads\/2025\/03\/Publication-fb-Atelier-de-la-terre-ronde.png 940w, https:\/\/atelierdelaterreronde.com\/wp-content\/uploads\/2025\/03\/Publication-fb-Atelier-de-la-terre-ronde-300x251.png 300w, https:\/\/atelierdelaterreronde.com\/wp-content\/uploads\/2025\/03\/Publication-fb-Atelier-de-la-terre-ronde-600x503.png 600w\" sizes=\"auto, (max-width: 940px) 100vw, 940px\" \/><\/div><\/div><\/div><\/div><\/div><\/div><\/section><section class=\"l-section wpb_row us_custom_cc740159 has_text_color height_small\"><div class=\"l-section-overlay\" style=\"background:#000000\"><\/div><div class=\"l-section-h i-cf\"><div class=\"g-cols vc_row via_grid cols_1 laptops-cols_inherit tablets-cols_inherit mobiles-cols_1 valign_top type_default stacking_default\"><div class=\"wpb_column vc_column_container\"><div class=\"vc_column-inner\"><div class=\"wpb_text_column\"><div class=\"wpb_wrapper\"><h2 style=\"text-align: center;\">THE RAKU<\/h2>\n<\/div><\/div><div class=\"wpb_text_column us_custom_49796df9\"><div class=\"wpb_wrapper\"><h3 class=\"widget-title\"><strong style=\"font-size: 16px;\">Raku<\/strong><span style=\"font-size: 16px;\"> <\/span><span style=\"font-size: 16px;\">is a particular Asian technique that I use. It is based on a rapid second firing followed by a thermal shock obtained by depositing the pieces in a bath of wood shavings. The pieces ignite and the molten glaze takes on a crackled appearance.  <\/span><\/h3>\n<div class=\"siteorigin-widget-tinymce textwidget\">\n<div id=\"cc-m-5812475511\" class=\"j-module n j-text \">\n<p><em>RAKU&#8221; means happiness in chance.<\/em><\/p>\n<\/div>\n<\/div>\n<\/div><\/div><\/div><\/div><\/div><\/div><\/section><section class=\"l-section wpb_row us_custom_4a593b65 us_animate_this height_auto width_full\"><div class=\"l-section-overlay\" style=\"background:#000000\"><\/div><div class=\"l-section-h i-cf\"><div class=\"g-cols vc_row via_grid cols_3 laptops-cols_inherit tablets-cols_inherit mobiles-cols_1 valign_top type_default stacking_default\"><div class=\"wpb_column vc_column_container\"><div class=\"vc_column-inner\"><div class=\"w-image align_none\"><div class=\"w-image-h\"><img decoding=\"async\" width=\"1024\" height=\"585\" src=\"https:\/\/atelierdelaterreronde.com\/wp-content\/uploads\/2025\/03\/Noir-Blanc-Monochrome-Moderne-elegant-Illustration-Entreprise-Professionnel-Carte-de-visite-4-1024x585.png\" class=\"attachment-large size-large\" alt=\"Sylvie en pleine cr\u00e9ation, fa\u00e7onnant ses \u0153uvres artisanales \u00e0 l\u2019Atelier de la Terre Ronde.\" loading=\"lazy\" srcset=\"https:\/\/atelierdelaterreronde.com\/wp-content\/uploads\/2025\/03\/Noir-Blanc-Monochrome-Moderne-elegant-Illustration-Entreprise-Professionnel-Carte-de-visite-4-1024x585.png 1024w, https:\/\/atelierdelaterreronde.com\/wp-content\/uploads\/2025\/03\/Noir-Blanc-Monochrome-Moderne-elegant-Illustration-Entreprise-Professionnel-Carte-de-visite-4-300x171.png 300w, https:\/\/atelierdelaterreronde.com\/wp-content\/uploads\/2025\/03\/Noir-Blanc-Monochrome-Moderne-elegant-Illustration-Entreprise-Professionnel-Carte-de-visite-4-600x343.png 600w, https:\/\/atelierdelaterreronde.com\/wp-content\/uploads\/2025\/03\/Noir-Blanc-Monochrome-Moderne-elegant-Illustration-Entreprise-Professionnel-Carte-de-visite-4.png 1050w\" sizes=\"auto, (max-width: 1024px) 100vw, 1024px\" \/><\/div><\/div><\/div><\/div><div class=\"wpb_column vc_column_container\"><div class=\"vc_column-inner\"><div class=\"w-image align_none\"><div class=\"w-image-h\"><img decoding=\"async\" width=\"1024\" height=\"585\" src=\"https:\/\/atelierdelaterreronde.com\/wp-content\/uploads\/2025\/03\/9-1024x585.png\" class=\"attachment-large size-large\" alt=\"Technique de Raku \u2013 Choc thermique et sciure pour cr\u00e9er des pi\u00e8ces uniques, r\u00e9alis\u00e9 \u00e0 l\u2019Atelier de la Terre Ronde.\" loading=\"lazy\" srcset=\"https:\/\/atelierdelaterreronde.com\/wp-content\/uploads\/2025\/03\/9-1024x585.png 1024w, https:\/\/atelierdelaterreronde.com\/wp-content\/uploads\/2025\/03\/9-300x171.png 300w, https:\/\/atelierdelaterreronde.com\/wp-content\/uploads\/2025\/03\/9-600x343.png 600w, https:\/\/atelierdelaterreronde.com\/wp-content\/uploads\/2025\/03\/9.png 1050w\" sizes=\"auto, (max-width: 1024px) 100vw, 1024px\" \/><\/div><\/div><\/div><\/div><div class=\"wpb_column vc_column_container\"><div class=\"vc_column-inner\"><div class=\"w-image align_none\"><div class=\"w-image-h\"><img decoding=\"async\" width=\"1024\" height=\"585\" src=\"https:\/\/atelierdelaterreronde.com\/wp-content\/uploads\/2025\/03\/8-1024x585.png\" class=\"attachment-large size-large\" alt=\"Application de la technique de Raku \u2013 Choc thermique et sciure pour cr\u00e9er des effets uniques sur la c\u00e9ramique, r\u00e9alis\u00e9 \u00e0 l\u2019Atelier de la Terre Ronde.\" loading=\"lazy\" srcset=\"https:\/\/atelierdelaterreronde.com\/wp-content\/uploads\/2025\/03\/8-1024x585.png 1024w, https:\/\/atelierdelaterreronde.com\/wp-content\/uploads\/2025\/03\/8-300x171.png 300w, https:\/\/atelierdelaterreronde.com\/wp-content\/uploads\/2025\/03\/8-600x343.png 600w, https:\/\/atelierdelaterreronde.com\/wp-content\/uploads\/2025\/03\/8.png 1050w\" sizes=\"auto, (max-width: 1024px) 100vw, 1024px\" \/><\/div><\/div><\/div><\/div><\/div><\/div><\/section>\n","protected":false},"excerpt":{"rendered":"Welcome to L&#8217;Atelier de la Terre Ronde Some encounters are more important than others, and mine with clay is one of them. Initially, I had to tame the material, learning from other potters and over time in the intimacy of my studio. Under my hands, clay gradually allowed itself to be tamed. Using an ancestral...","protected":false},"author":2,"featured_media":0,"parent":0,"menu_order":0,"comment_status":"closed","ping_status":"closed","template":"","meta":{"footnotes":""},"class_list":["post-402","page","type-page","status-publish","hentry"],"yoast_head":"<!-- This site is optimized with the Yoast SEO plugin v26.4 - https:\/\/yoast.com\/wordpress\/plugins\/seo\/ -->\n<title>HOME - Atelier de la Terre Ronde<\/title>\n<meta name=\"description\" content=\"Atelier de la Terre Ronde: Discover the world of Sylvie Souton Chany, a ceramist in Loz\u00e8re, and her unique Raku ceramic creations.\" \/>\n<meta name=\"robots\" content=\"index, follow, max-snippet:-1, max-image-preview:large, max-video-preview:-1\" \/>\n<link rel=\"canonical\" href=\"https:\/\/atelierdelaterreronde.com\/en\/home\/\" \/>\n<meta property=\"og:locale\" content=\"en_US\" \/>\n<meta property=\"og:type\" content=\"article\" \/>\n<meta property=\"og:title\" content=\"HOME - Atelier de la Terre Ronde\" \/>\n<meta property=\"og:description\" content=\"Atelier de la Terre Ronde: Discover the world of Sylvie Souton Chany, a ceramist in Loz\u00e8re, and her unique Raku ceramic creations.\" \/>\n<meta property=\"og:url\" content=\"https:\/\/atelierdelaterreronde.com\/en\/home\/\" \/>\n<meta property=\"og:site_name\" content=\"Atelier de la Terre Ronde\" \/>\n<meta property=\"article:modified_time\" content=\"2025-03-17T14:18:00+00:00\" \/>\n<meta name=\"twitter:card\" content=\"summary_large_image\" \/>\n<meta name=\"twitter:label1\" content=\"Est. reading time\" \/>\n\t<meta name=\"twitter:data1\" content=\"2 minutes\" \/>\n<script type=\"application\/ld+json\" class=\"yoast-schema-graph\">{\"@context\":\"https:\/\/schema.org\",\"@graph\":[{\"@type\":\"WebPage\",\"@id\":\"https:\/\/atelierdelaterreronde.com\/en\/home\/\",\"url\":\"https:\/\/atelierdelaterreronde.com\/en\/home\/\",\"name\":\"HOME - Atelier de la Terre Ronde\",\"isPartOf\":{\"@id\":\"https:\/\/atelierdelaterreronde.com\/#website\"},\"datePublished\":\"2025-02-13T09:24:50+00:00\",\"dateModified\":\"2025-03-17T14:18:00+00:00\",\"description\":\"Atelier de la Terre Ronde: Discover the world of Sylvie Souton Chany, a ceramist in Loz\u00e8re, and her unique Raku ceramic creations.\",\"breadcrumb\":{\"@id\":\"https:\/\/atelierdelaterreronde.com\/en\/home\/#breadcrumb\"},\"inLanguage\":\"en-US\",\"potentialAction\":[{\"@type\":\"ReadAction\",\"target\":[\"https:\/\/atelierdelaterreronde.com\/en\/home\/\"]}]},{\"@type\":\"BreadcrumbList\",\"@id\":\"https:\/\/atelierdelaterreronde.com\/en\/home\/#breadcrumb\",\"itemListElement\":[{\"@type\":\"ListItem\",\"position\":1,\"name\":\"Accueil\",\"item\":\"https:\/\/atelierdelaterreronde.com\/en\/home\/\"},{\"@type\":\"ListItem\",\"position\":2,\"name\":\"HOME\"}]},{\"@type\":\"WebSite\",\"@id\":\"https:\/\/atelierdelaterreronde.com\/#website\",\"url\":\"https:\/\/atelierdelaterreronde.com\/\",\"name\":\"Atelier de la Terre Ronde\",\"description\":\"\",\"potentialAction\":[{\"@type\":\"SearchAction\",\"target\":{\"@type\":\"EntryPoint\",\"urlTemplate\":\"https:\/\/atelierdelaterreronde.com\/?s={search_term_string}\"},\"query-input\":{\"@type\":\"PropertyValueSpecification\",\"valueRequired\":true,\"valueName\":\"search_term_string\"}}],\"inLanguage\":\"en-US\"}]}<\/script>\n<!-- \/ Yoast SEO plugin. -->","yoast_head_json":{"title":"HOME - Atelier de la Terre Ronde","description":"Atelier de la Terre Ronde: Discover the world of Sylvie Souton Chany, a ceramist in Loz\u00e8re, and her unique Raku ceramic creations.","robots":{"index":"index","follow":"follow","max-snippet":"max-snippet:-1","max-image-preview":"max-image-preview:large","max-video-preview":"max-video-preview:-1"},"canonical":"https:\/\/atelierdelaterreronde.com\/en\/home\/","og_locale":"en_US","og_type":"article","og_title":"HOME - Atelier de la Terre Ronde","og_description":"Atelier de la Terre Ronde: Discover the world of Sylvie Souton Chany, a ceramist in Loz\u00e8re, and her unique Raku ceramic creations.","og_url":"https:\/\/atelierdelaterreronde.com\/en\/home\/","og_site_name":"Atelier de la Terre Ronde","article_modified_time":"2025-03-17T14:18:00+00:00","twitter_card":"summary_large_image","twitter_misc":{"Est. reading time":"2 minutes"},"schema":{"@context":"https:\/\/schema.org","@graph":[{"@type":"WebPage","@id":"https:\/\/atelierdelaterreronde.com\/en\/home\/","url":"https:\/\/atelierdelaterreronde.com\/en\/home\/","name":"HOME - Atelier de la Terre Ronde","isPartOf":{"@id":"https:\/\/atelierdelaterreronde.com\/#website"},"datePublished":"2025-02-13T09:24:50+00:00","dateModified":"2025-03-17T14:18:00+00:00","description":"Atelier de la Terre Ronde: Discover the world of Sylvie Souton Chany, a ceramist in Loz\u00e8re, and her unique Raku ceramic creations.","breadcrumb":{"@id":"https:\/\/atelierdelaterreronde.com\/en\/home\/#breadcrumb"},"inLanguage":"en-US","potentialAction":[{"@type":"ReadAction","target":["https:\/\/atelierdelaterreronde.com\/en\/home\/"]}]},{"@type":"BreadcrumbList","@id":"https:\/\/atelierdelaterreronde.com\/en\/home\/#breadcrumb","itemListElement":[{"@type":"ListItem","position":1,"name":"Accueil","item":"https:\/\/atelierdelaterreronde.com\/en\/home\/"},{"@type":"ListItem","position":2,"name":"HOME"}]},{"@type":"WebSite","@id":"https:\/\/atelierdelaterreronde.com\/#website","url":"https:\/\/atelierdelaterreronde.com\/","name":"Atelier de la Terre Ronde","description":"","potentialAction":[{"@type":"SearchAction","target":{"@type":"EntryPoint","urlTemplate":"https:\/\/atelierdelaterreronde.com\/?s={search_term_string}"},"query-input":{"@type":"PropertyValueSpecification","valueRequired":true,"valueName":"search_term_string"}}],"inLanguage":"en-US"}]}},"jetpack_sharing_enabled":true,"_links":{"self":[{"href":"https:\/\/atelierdelaterreronde.com\/en\/wp-json\/wp\/v2\/pages\/402","targetHints":{"allow":["GET"]}}],"collection":[{"href":"https:\/\/atelierdelaterreronde.com\/en\/wp-json\/wp\/v2\/pages"}],"about":[{"href":"https:\/\/atelierdelaterreronde.com\/en\/wp-json\/wp\/v2\/types\/page"}],"author":[{"embeddable":true,"href":"https:\/\/atelierdelaterreronde.com\/en\/wp-json\/wp\/v2\/users\/2"}],"replies":[{"embeddable":true,"href":"https:\/\/atelierdelaterreronde.com\/en\/wp-json\/wp\/v2\/comments?post=402"}],"version-history":[{"count":5,"href":"https:\/\/atelierdelaterreronde.com\/en\/wp-json\/wp\/v2\/pages\/402\/revisions"}],"predecessor-version":[{"id":514,"href":"https:\/\/atelierdelaterreronde.com\/en\/wp-json\/wp\/v2\/pages\/402\/revisions\/514"}],"wp:attachment":[{"href":"https:\/\/atelierdelaterreronde.com\/en\/wp-json\/wp\/v2\/media?parent=402"}],"curies":[{"name":"wp","href":"https:\/\/api.w.org\/{rel}","templated":true}]}}